{"id":572,"date":"2020-05-16T21:28:59","date_gmt":"2020-05-16T21:28:59","guid":{"rendered":"https:\/\/teachvet.eu\/?page_id=572"},"modified":"2020-05-16T21:29:40","modified_gmt":"2020-05-16T21:29:40","slug":"self-assessment","status":"publish","type":"page","link":"https:\/\/teachvet.eu\/lt\/self-assessment\/","title":{"rendered":"\u012esivertinimas"},"content":{"rendered":"\r\n<p>&nbsp;<\/p>\r\n<p><img loading=\"lazy\" decoding=\"async\" class=\"alignnone size-full wp-image-175\" src=\"https:\/\/teachvet.eu\/wp-content\/uploads\/2019\/10\/assess-2372181_1920-e1571927652133.jpg\" alt=\"\" width=\"999\" height=\"287\" srcset=\"https:\/\/teachvet.eu\/wp-content\/uploads\/2019\/10\/assess-2372181_1920-e1571927652133.jpg 999w, https:\/\/teachvet.eu\/wp-content\/uploads\/2019\/10\/assess-2372181_1920-e1571927652133-300x86.jpg 300w, https:\/\/teachvet.eu\/wp-content\/uploads\/2019\/10\/assess-2372181_1920-e1571927652133-768x221.jpg 768w\" sizes=\"auto, (max-width: 999px) 100vw, 999px\" \/>\u00a0<\/p>\r\n<p class=\"has-background has-medium-font-size has-pale-cyan-blue-background-color\" style=\"text-align: center;\">Sveiki atvyk\u0119 \u012f \u012esivertinim\u0105<\/p>\r\n<p style=\"text-align: center;\">Mes si\u016blome \u012fsivertinimo klausimynus, kurie yra paruo\u0161ti pagal profesijos mokytoj\u0173 ir meistr\u0173 profesines veiklas.<\/p>\r\n<p style=\"text-align: center;\">Klausimynuose naudojama metodologija yra paremta mokymo proces\u0173 analize pirminiame profesiniame mokyme ir mokymo kompetencij\u0173 sritimis.<\/p>\r\n\r\n\r\n\r\n\r\n\r\n<h6 style=\"text-align: center;\"><strong>T\u0119skite pasirenkant savo darbo srit\u012f.<\/strong><\/h6>\r\n\r\n<h2><!--EndFragment--><\/h2>\r\n\r\n<div class=\"wp-block-columns has-2-columns is-layout-flex wp-container-core-columns-is-layout-28f84493 wp-block-columns-is-layout-flex\" style=\"justify-content: space-between;\">\r\n<div class=\"wp-block-column&lt;!-- wp:paragraph { is-layout-flow wp-block-column-is-layout-flow\" align=\"\">\r\n<p class=\"has-background has-medium-font-size has-pale-cyan-blue-background-color\" style=\"text-align: center;\"><a href=\"https:\/\/teachvet.eu\/lt\/self-assessments-for-vocational-teachers\/\/\"><span style=\"color: #ffffff;\">Mokytojams profesin\u0117se mokyklose<\/span><\/a><\/p>\r\n<\/div>\r\n<!-- \/wp:post-content -->\r\n\r\n<!-- wp:column -->\r\n<div class=\"wp-block-column&lt;!-- wp:paragraph {\" align=\"\">\r\n<p class=\"has-background has-medium-font-size has-pale-cyan-blue-background-color\" style=\"text-align: center;\"><a href=\"https:\/\/teachvet.eu\/lt\/self-assessments-for-vocational-trainers\/\"><span style=\"color: #ffffff;\">Meistrams \u012fmon\u0117se<\/span><\/a><\/p>\r\n<!-- \/wp:column -->\r\n<p>&nbsp;<\/p>\r\n<!-- \/wp:paragraph --><\/div>\r\n<!-- \/wp:column --><\/div>\r\n<!-- \/wp:columns -->\r\n<p>&nbsp;<\/p>","protected":false},"excerpt":{"rendered":"<p>&nbsp; \u00a0 Sveiki atvyk\u0119 \u012f \u012esivertinim\u0105 Mes si\u016blome \u012fsivertinimo klausimynus, kurie yra paruo\u0161ti pagal profesijos mokytoj\u0173 ir meistr\u0173 profesines veiklas. Klausimynuose naudojama metodologija yra paremta mokymo proces\u0173 analize pirminiame profesiniame mokyme ir mokymo kompetencij\u0173 sritimis. T\u0119skite pasirenkant savo darbo srit\u012f.<\/p>\n","protected":false},"author":2,"featured_media":0,"parent":0,"menu_order":0,"comment_status":"closed","ping_status":"closed","template":"","meta":{"_locale":"lt_LT","_original_post":"79","footnotes":""},"class_list":["post-572","page","type-page","status-publish","hentry","lt-LT"],"_links":{"self":[{"href":"https:\/\/teachvet.eu\/wp-json\/wp\/v2\/pages\/572","targetHints":{"allow":["GET"]}}],"collection":[{"href":"https:\/\/teachvet.eu\/wp-json\/wp\/v2\/pages"}],"about":[{"href":"https:\/\/teachvet.eu\/wp-json\/wp\/v2\/types\/page"}],"author":[{"embeddable":true,"href":"https:\/\/teachvet.eu\/wp-json\/wp\/v2\/users\/2"}],"replies":[{"embeddable":true,"href":"https:\/\/teachvet.eu\/wp-json\/wp\/v2\/comments?post=572"}],"version-history":[{"count":6,"href":"https:\/\/teachvet.eu\/wp-json\/wp\/v2\/pages\/572\/revisions"}],"predecessor-version":[{"id":588,"href":"https:\/\/teachvet.eu\/wp-json\/wp\/v2\/pages\/572\/revisions\/588"}],"wp:attachment":[{"href":"https:\/\/teachvet.eu\/wp-json\/wp\/v2\/media?parent=572"}],"curies":[{"name":"wp","href":"https:\/\/api.w.org\/{rel}","templated":true}]}}