{"id":569,"date":"2020-05-16T22:09:50","date_gmt":"2020-05-16T22:09:50","guid":{"rendered":"https:\/\/teachvet.eu\/?page_id=569"},"modified":"2020-06-08T11:32:45","modified_gmt":"2020-06-08T11:32:45","slug":"learning","status":"publish","type":"page","link":"https:\/\/teachvet.eu\/lt\/learning\/","title":{"rendered":"Mokymosi med\u017eiaga"},"content":{"rendered":"\r\n<p><img loading=\"lazy\" decoding=\"async\" class=\"alignleft size-full wp-image-428\" src=\"https:\/\/teachvet.eu\/wp-content\/uploads\/2020\/01\/hans-peter-gauster-3y1zF4hIPCg-unsplash.jpg\" alt=\"\" width=\"1024\" height=\"318\" srcset=\"https:\/\/teachvet.eu\/wp-content\/uploads\/2020\/01\/hans-peter-gauster-3y1zF4hIPCg-unsplash.jpg 1024w, https:\/\/teachvet.eu\/wp-content\/uploads\/2020\/01\/hans-peter-gauster-3y1zF4hIPCg-unsplash-300x93.jpg 300w, https:\/\/teachvet.eu\/wp-content\/uploads\/2020\/01\/hans-peter-gauster-3y1zF4hIPCg-unsplash-768x239.jpg 768w\" sizes=\"auto, (max-width: 1024px) 100vw, 1024px\" \/><\/p>\r\n<p>&nbsp;<\/p>\r\n<p>\u0160iuose puslapiuose galite pasiekti informacij\u0105 d\u0117l tolimesni\u0173 mokymosi perspektyv\u0173 pagal profesijos mokytoj\u0173 ir meistr\u0173 kompetencij\u0173 sritis.<\/p>\r\n<p>&nbsp;<\/p>\r\n\r\n<p>&nbsp;<\/p>\r\n<h5 style=\"text-align: center;\">T\u0119skite pasirenkant savo darbo srit\u012f.<\/h5>\r\n\r\n\r\n\r\n<h5 style=\"text-align: center;\"> <\/h5>\r\n\r\n<h2><!--EndFragment--><\/h2>\r\n<p>&nbsp;<\/p>\r\n\r\n<div class=\"wp-block-columns has-2-columns is-layout-flex wp-container-core-columns-is-layout-28f84493 wp-block-columns-is-layout-flex\" style=\"justify-content: space-between;\">\r\n<div class=\"wp-block-column&lt;!-- wp:paragraph { is-layout-flow wp-block-column-is-layout-flow\" align=\"\">\r\n<p class=\"has-background has-medium-font-size has-pale-cyan-blue-background-color\" style=\"text-align: center;\"><a href=\"https:\/\/teachvet.eu\/lt\/resources-for-teachers\/\"><span style=\"color: #ffffff;\">Mokytojams profesin\u0117se mokyklose<\/span><\/a><\/p>\r\n<\/div>\r\n<!-- \/wp:post-content -->\r\n\r\n<!-- wp:column -->\r\n<div class=\"wp-block-column&lt;!-- wp:paragraph {\" align=\"\">\r\n<p class=\"has-background has-medium-font-size has-pale-cyan-blue-background-color\" style=\"text-align: center;\"><a href=\"https:\/\/teachvet.eu\/lt\/resources-for-trainers\/\"><span style=\"color: #ffffff;\">Meistrams \u012fmon\u0117se<\/span><\/a><\/p>\r\n<!-- \/wp:column -->\r\n<p>&nbsp;<\/p>\r\n<!-- \/wp:paragraph --><\/div>\r\n<!-- \/wp:column --><\/div>\r\n<!-- \/wp:columns -->\r\n<p>&nbsp;<\/p>","protected":false},"excerpt":{"rendered":"<p>&nbsp; \u0160iuose puslapiuose galite pasiekti informacij\u0105 d\u0117l tolimesni\u0173 mokymosi perspektyv\u0173 pagal profesijos mokytoj\u0173 ir meistr\u0173 kompetencij\u0173 sritis. &nbsp; &nbsp; T\u0119skite pasirenkant savo darbo srit\u012f. &nbsp; Mokytojams profesin\u0117se mokyklose Meistrams \u012fmon\u0117se &nbsp; &nbsp;<\/p>\n","protected":false},"author":2,"featured_media":0,"parent":0,"menu_order":0,"comment_status":"closed","ping_status":"closed","template":"","meta":{"_locale":"lt_LT","_original_post":"131","footnotes":""},"class_list":["post-569","page","type-page","status-publish","hentry","lt-LT"],"_links":{"self":[{"href":"https:\/\/teachvet.eu\/wp-json\/wp\/v2\/pages\/569","targetHints":{"allow":["GET"]}}],"collection":[{"href":"https:\/\/teachvet.eu\/wp-json\/wp\/v2\/pages"}],"about":[{"href":"https:\/\/teachvet.eu\/wp-json\/wp\/v2\/types\/page"}],"author":[{"embeddable":true,"href":"https:\/\/teachvet.eu\/wp-json\/wp\/v2\/users\/2"}],"replies":[{"embeddable":true,"href":"https:\/\/teachvet.eu\/wp-json\/wp\/v2\/comments?post=569"}],"version-history":[{"count":5,"href":"https:\/\/teachvet.eu\/wp-json\/wp\/v2\/pages\/569\/revisions"}],"predecessor-version":[{"id":817,"href":"https:\/\/teachvet.eu\/wp-json\/wp\/v2\/pages\/569\/revisions\/817"}],"wp:attachment":[{"href":"https:\/\/teachvet.eu\/wp-json\/wp\/v2\/media?parent=569"}],"curies":[{"name":"wp","href":"https:\/\/api.w.org\/{rel}","templated":true}]}}