{"id":540,"date":"2020-05-16T19:46:05","date_gmt":"2020-05-16T19:46:05","guid":{"rendered":"https:\/\/teachvet.eu\/?page_id=540"},"modified":"2020-05-16T19:53:21","modified_gmt":"2020-05-16T19:53:21","slug":"sample-page","status":"publish","type":"page","link":"https:\/\/teachvet.eu\/lt\/sample-page\/","title":{"rendered":"\u012espaudas"},"content":{"rendered":"<p><strong>Pagal Vokietijos \u012fstatymo \u00a7 5 straipsn\u012f d\u0117l Elektronikos medijos<\/strong><\/p>\n<p>blinc e.G.<br \/>\nBertheaustr. 10<br \/>\n37075 G\u00f6tingen<\/p>\n<p><strong>Kontaktas<\/strong><\/p>\n<p>Dr. Tim Scholze<\/p>\n<p>Phone: +49 (0) 172 740 83 22<br \/>\nE-Mail: info@blinc-eu.org<\/p>\n<p>PVM numeris pagal \u00a727 pajam\u0173 mokes\u010dio \u012fstatym\u0105:<br \/>\n20\/206\/15937<\/p>\n<p><strong>Konflikt\u0173 sprendimas<\/strong><\/p>\n<p>Nesiimsime ir nesame \u012fsipareigoj\u0119 spr\u0119sti konflikt\u0173, kurie yra sprend\u017eiami Vartotoj\u0173 teisi\u0173 asociacijoje.<\/p>\n<p><strong>Atsakomyb\u0117 u\u017e turin\u012f<\/strong><\/p>\n<p>Kaip paslaug\u0173 teik\u0117jai, vadovaujam\u0117s \u00a7 7 Abs.1 TMG taikytin\u0105 nuosavam turiniui \u0161iuose puslapiuose. Pagal \u00a7\u00a7 8 to 10 TMG esame palsaug\u0173 teik\u0117jai ne\u012fsipareigoj\u0119 perduoti ar saugoti tre\u010di\u0173j\u0173 asmen\u0173 duomen\u0173 ir\/arba sekti bei tirti aplinkybes, kuomet buvo vykdoma neteis\u0117ta veikla.<\/p>\n<p><strong>\u012esipareigojimas pa\u0161alinti arba blokuoti informacijos naudojim\u0105 <\/strong><\/p>\n<p>Laikomasi bendr\u0173 \u012fstatym\u0173 ir tesi\u0117s akt\u0173 rekalavim\u0173. \u012esipareigojimas \u0161iuo at\u017evilgiu atsiranda nuo to momento, kai buvo su\u017einota apie pa\u017eeidim\u0105. Su\u017einojus apie tok\u012f pa\u017eeidim\u0105, nedelsiant pa\u0161alinsime tokio pa\u017eeidimo turin\u012f.<\/p>\n<p><strong>\u012esipareigojimas nuorodoms <\/strong><\/p>\n<p>M\u016bs\u0173 pasi\u016blyme yra nuorod\u0173 \u012f i\u0161orinius puslapius, kuri\u0173 turiniui nedarome jokios \u012ftakos. Atitinkamai negalime prisiimti atsakomyb\u0117s u\u017e \u0161i\u0173 puslapi\u0173 turin\u012f. Nuorodos, esan\u010dios m\u016bs\u0173 puslapiuose, bei t\u0173 nuorod\u0173 turinys lieka j\u0173 valdytoj\u0173 atsakomyb\u0117je. Nuorod\u0173 puslapiai buvo patikrinti j\u0173 naudojimo metu d\u0117l galim\u0173 pa\u017eeidim\u0173. J\u0173 \u012fk\u0117limo metu nebuvo aptikta neteis\u0117to turinio.<\/p>\n<p>N\u0117ra galimyb\u0117s u\u017etikrinti nuolatin\u0117s \u0161i\u0173 i\u0161orini\u0173 puslapi\u0173 turinio patikros. Visgi, jei gausime informacijos, jog turinys tapo neteis\u0117tas ar pa\u017eeid\u017eia nuostatas, j\u012f i\u0161kart pa\u0161alinsime.<\/p>\n<p><strong>Autorin\u0117s teis\u0117s<\/strong><\/p>\n<p>\u0160io puslapio turinys bei darbai yra saugomi pagal Vokietijos autori\u0173 teisi\u0173 \u012fstatymus. Kopijavimas, keitimas, platinimas ir betkoks jo naudojimas ne pagal autorini\u0173 teisi\u0173 reikalavimus \u012fpareigoja gauti ra\u0161ti\u0161k\u0105 atitinkamo autoriaus ar k\u016br\u0117jo sutikim\u0105. \u0160io puslapio parsisiuntimai bei kopijos gali b\u016bti naudojami tik asmeniniams tikslams, nekomerciniam naudojimui.<\/p>\n<p>Tais atvejais, kai \u0161io puslapio turinys n\u0117ra sukurtas puslapio valdytoj\u0173, tre\u010di\u0173j\u0173 \u0161ali\u0173 autorin\u0117s teis\u0117s turi b\u016bti sekamos. Ypatingai tre\u010di\u0173j\u0173 \u0161ali\u0173 turinys. Tais atvejais, kai turite \u017eini\u0173 d\u0117l autorini\u0173 teisi\u0173 pa\u017eeidim\u0173, mes pra\u0161ome informuoti mus. Gav\u0117 toki\u0105 informacij\u0105, mes pa\u0161alinsime atitinkam\u0105 turin\u012f.<\/p>\n<p><em>\u0160altinis: e-recht24.de<\/em><\/p>\n","protected":false},"excerpt":{"rendered":"<p>Pagal Vokietijos \u012fstatymo \u00a7 5 straipsn\u012f d\u0117l Elektronikos medijos blinc e.G. Bertheaustr. 10 37075 G\u00f6tingen Kontaktas Dr. Tim Scholze Phone: +49 (0) 172 740 83 22 E-Mail: info@blinc-eu.org PVM numeris pagal \u00a727 pajam\u0173 mokes\u010dio \u012fstatym\u0105: 20\/206\/15937 Konflikt\u0173 sprendimas Nesiimsime ir<\/p>\n","protected":false},"author":2,"featured_media":0,"parent":0,"menu_order":0,"comment_status":"closed","ping_status":"open","template":"","meta":{"_locale":"lt_LT","_original_post":"2","footnotes":""},"class_list":["post-540","page","type-page","status-publish","hentry","lt-LT"],"_links":{"self":[{"href":"https:\/\/teachvet.eu\/wp-json\/wp\/v2\/pages\/540","targetHints":{"allow":["GET"]}}],"collection":[{"href":"https:\/\/teachvet.eu\/wp-json\/wp\/v2\/pages"}],"about":[{"href":"https:\/\/teachvet.eu\/wp-json\/wp\/v2\/types\/page"}],"author":[{"embeddable":true,"href":"https:\/\/teachvet.eu\/wp-json\/wp\/v2\/users\/2"}],"replies":[{"embeddable":true,"href":"https:\/\/teachvet.eu\/wp-json\/wp\/v2\/comments?post=540"}],"version-history":[{"count":4,"href":"https:\/\/teachvet.eu\/wp-json\/wp\/v2\/pages\/540\/revisions"}],"predecessor-version":[{"id":551,"href":"https:\/\/teachvet.eu\/wp-json\/wp\/v2\/pages\/540\/revisions\/551"}],"wp:attachment":[{"href":"https:\/\/teachvet.eu\/wp-json\/wp\/v2\/media?parent=540"}],"curies":[{"name":"wp","href":"https:\/\/api.w.org\/{rel}","templated":true}]}}