{"id":533,"date":"2020-05-16T19:39:26","date_gmt":"2020-05-16T19:39:26","guid":{"rendered":"https:\/\/teachvet.eu\/?page_id=533"},"modified":"2020-05-16T19:39:26","modified_gmt":"2020-05-16T19:39:26","slug":"privacy-policy","status":"publish","type":"page","link":"https:\/\/teachvet.eu\/lt\/privacy-policy\/","title":{"rendered":"Duomen\u0173 apsaugos s\u0105lygos"},"content":{"rendered":"<div class=\"entry-content\">\n<p><strong>Teisin\u0117s nuostatos<\/strong><br \/>\n\u0160is privatumo politikos deklaracija yra paremta nuostatomis, taikytinoms pagal Europos teises bei Duomen\u0173 apsaugos nuostatas (angl. the European legislator for the adoption of the General Data Protection Regulation (GDPR)), o taip pat pagal Vokietijos teis\u0117s aktus duomen\u0173 apsaugos srityje. \u0160iuo puslapio valdytojas blinc eG siekia informuoti puslapio lankytojus taip kaip numatyta pagal min\u0117tus teis\u0117s aktus apie renkam\u0173 duomen\u0173 tipus, turin\u012f, duomen\u0173 rinkimo tikslus, asmens duomen\u0173 naudojim\u0105.<\/p>\n<p><strong>Asmens duomen\u0173 rinkimas ir naudojimas <\/strong><br \/>\nVisi j\u016bs\u0173 asmens duomenys bus renkami tik jei j\u016bs sutinkate d\u0117l j\u0173 teikimo, pavyzd\u017eiui edukacini\u0173 mokym\u0173 tikslais, tam, kad si\u0173sti jums informacij\u0105, arba duomenis teikiate pagal sutarties s\u0105lygas, atsakin\u0117dami \u012f apklausas. Duomenys, kuriuos perduosite \u0161iame puslapyje bus saugomi, naudojami ir vertinami tik laikantis sutarties s\u0105lyg\u0173 ir j\u016bs\u0173 u\u017eklaus\u0173 apdorojimui. Be to, j\u016bs\u0173 duomenys bus naudojami tik su j\u016bs\u0173 sutikimu.<\/p>\n<p>J\u016bs\u0173 duomenys nebus perduoti kitoms tre\u010diosioms \u0161alims, kurios n\u0117ra \u012ftrauktos \u012f sutart\u012f ar mokymus. \u0160ios tre\u010diosios \u0161alys yra nurodytos kaip partneriai m\u016bs\u0173 pasi\u016blyme. J\u016bs galite atsiimti savo sutikim\u0105 bet kuriuo metu. Sutikimo atsisakymas taikytinas ir ateities prieigoms.<\/p>\n<p><strong>Anoniminis prisijungimas<\/strong><br \/>\nMes registruojame visas u\u017eklausas savo puslapyje anonimi\u0161kai, tai taikytina ir parsisiun\u010diamiems failams, o taip pat:<br \/>\n\u2022 lankomiems URL<br \/>\n\u2022 prisijungimo laikui<br \/>\n\u2022 parsisi\u0173st\u0173 duomen\u0173 (baitais) kiekiui<br \/>\n\u2022 nuorodai i\u0161 kurio puslapio prisijung\u0117te (angl. Referrer)<br \/>\n\u2022 naudotai nar\u0161yklei<br \/>\n\u2022 naudotai operacinei sistemai<br \/>\n\u2022 naudotam IP adresui<\/p>\n<p><strong>Komentarai ir prane\u0161imai<\/strong><br \/>\nJei paliksite \u017einut\u0119 ar prane\u0161im\u0105 \u0161iame puslapyje, j\u016bs\u0173 IP adresas ir, jei egzistuoja, naudotojo prieiga bus i\u0161saugota. Tai yra m\u016bs\u0173 saugumo garantija: jei j\u016bs\u0173 pateiktas turinys pa\u017eeid\u017eia \u012fstatymus, lieka galimyb\u0117 atsekti j\u016bs\u0173 asmen\u012f ir j\u016bs b\u016bsite atsakingas u\u017e patalpint\u0105 turin\u012f.<\/p>\n<p><strong>Slapukai<\/strong><br \/>\nKai kurie m\u016bs\u0173 puslapiai naudoja taip vadinamus slapukus (angl. cookies). Tai yra ma\u017eos apimties failai, kurie yra i\u0161saugojami j\u016bs\u0173 nar\u0161ykl\u0117je. Web-serveris gali atpa\u017einti ir susieti jus su j\u016bs\u0173 prisijungimo duomenimis, krep\u0161elio turiniu ar kitomis web aplikacijomis. Tai yra b\u016btina registruojantis (prisijungimo duomenys) darbui ir lengvina vartotojui pri\u0117jim\u0105 puslapyje. Visos nar\u0161ykl\u0117s si\u016blo tokius nustatymus, kaip slapuk\u0173 atsisakymas. Ta\u010diau nelieka jokios garantijos, kad j\u016bs gal\u0117site pasiekti vis\u0105 puslapio funkcionalum\u0105 be apribojim\u0173.<\/p>\n<p><strong>\u012eterptas turinys i\u0161 kit\u0173 puslapi\u0173 toki\u0173 kaip \u00a0Youtube, Google Maps ir Facebook<\/strong><br \/>\nKai kurie m\u016bs\u0173 puslapiai naudoja \u012fterpimus i\u0173 kit\u0173 i\u0161orini\u0173 teik\u0117j\u0173. Jei j\u016bs turite prieigas \u0161i\u0173 teik\u0117j\u0173 puslapiuose ir esate prisijung\u0119, tuomet \u0161ie teik\u0117jai matys visus m\u016bs\u0173 puslapius, kai juose lankysit\u0117s. Nor\u0117dami to i\u0161vengti, atsijunkite nuo savo paskyr\u0173, tuomet j\u016bs neb\u016bsite sekami. I\u0161orini\u0173 puslapi\u0173 privatumo politika taikytina ir \u012fterptam turiniui.<\/p>\n<p><strong>J\u016bs\u0173 teis\u0117 \u012f informacij\u0105, keitimus ir naikinim\u0105 <\/strong><br \/>\nKaip vartotojas, j\u016bs galite kreiptis d\u0117l informacijos apie j\u016bs\u0173 asmeninius duomenis, kurie buvo i\u0161saugoti. Jei j\u016bs\u0173 u\u017eklausa neprie\u0161tarauja teisiniam \u012fsipareigojimui saugoti duomenis, tuomet j\u016bs gal\u0117site pakeisti savo duomenis ir j\u016bs\u0173 duomenys bus blokuojami arba naikinami\/trinami.<\/p>\n<p><strong>M\u016bs\u0173 privatumo politikos keitimas <\/strong><br \/>\nMes pasiliekame teis\u0119 keisti savo privatumo s\u0105lygas tam, kad jos atitikt\u0173 teisinius reikalavimus. Taikytina bus v\u0117liausia privatumo nuostat\u0173 versija.<\/p>\n<p><strong>Kontaktai ir prie\u017ei\u016bros institucija <\/strong><br \/>\nPrie\u017ei\u016br\u0105 vykdo valstybin\u0117 institucija, Landesbeauftragte f\u00fcr Datenschutz in Niedersachsen, https:\/\/www.lfd.niedersachsen.de<\/p>\n<\/div>\n","protected":false},"excerpt":{"rendered":"<p>Teisin\u0117s nuostatos \u0160is privatumo politikos deklaracija yra paremta nuostatomis, taikytinoms pagal Europos teises bei Duomen\u0173 apsaugos nuostatas (angl. the European legislator for the adoption of the General Data Protection Regulation (GDPR)), o taip pat pagal Vokietijos teis\u0117s aktus duomen\u0173 apsaugos<\/p>\n","protected":false},"author":2,"featured_media":0,"parent":0,"menu_order":0,"comment_status":"closed","ping_status":"open","template":"","meta":{"_locale":"lt_LT","_original_post":"3","footnotes":""},"class_list":["post-533","page","type-page","status-publish","hentry","lt-LT"],"_links":{"self":[{"href":"https:\/\/teachvet.eu\/wp-json\/wp\/v2\/pages\/533","targetHints":{"allow":["GET"]}}],"collection":[{"href":"https:\/\/teachvet.eu\/wp-json\/wp\/v2\/pages"}],"about":[{"href":"https:\/\/teachvet.eu\/wp-json\/wp\/v2\/types\/page"}],"author":[{"embeddable":true,"href":"https:\/\/teachvet.eu\/wp-json\/wp\/v2\/users\/2"}],"replies":[{"embeddable":true,"href":"https:\/\/teachvet.eu\/wp-json\/wp\/v2\/comments?post=533"}],"version-history":[{"count":1,"href":"https:\/\/teachvet.eu\/wp-json\/wp\/v2\/pages\/533\/revisions"}],"predecessor-version":[{"id":536,"href":"https:\/\/teachvet.eu\/wp-json\/wp\/v2\/pages\/533\/revisions\/536"}],"wp:attachment":[{"href":"https:\/\/teachvet.eu\/wp-json\/wp\/v2\/media?parent=533"}],"curies":[{"name":"wp","href":"https:\/\/api.w.org\/{rel}","templated":true}]}}