{"id":509,"date":"2020-05-16T19:14:27","date_gmt":"2020-05-16T19:14:27","guid":{"rendered":"https:\/\/teachvet.eu\/?page_id=509"},"modified":"2020-05-16T19:16:41","modified_gmt":"2020-05-16T19:16:41","slug":"contact","status":"publish","type":"page","link":"https:\/\/teachvet.eu\/lt\/contact\/","title":{"rendered":"Partneriai"},"content":{"rendered":"<table>\n<tbody>\n<tr>\n<td width=\"234\"><img loading=\"lazy\" decoding=\"async\" class=\"alignnone wp-image-311\" src=\"https:\/\/teachvet.eu\/wp-content\/uploads\/2020\/01\/V\u0161\u012e-Elektr\u0117n\u0173-profesinio-mokymo-centras.jpg\" alt=\"\" width=\"164\" height=\"164\" srcset=\"https:\/\/teachvet.eu\/wp-content\/uploads\/2020\/01\/V\u0161\u012e-Elektr\u0117n\u0173-profesinio-mokymo-centras.jpg 225w, https:\/\/teachvet.eu\/wp-content\/uploads\/2020\/01\/V\u0161\u012e-Elektr\u0117n\u0173-profesinio-mokymo-centras-150x150.jpg 150w\" sizes=\"auto, (max-width: 164px) 100vw, 164px\" \/><\/td>\n<td width=\"380\">&nbsp;<\/p>\n<p><a href=\"http:\/\/www.epmc.lt\/erasmus\/platform-self-assessment-development-teaching-competence-vet-teachers-trainers-2\/\"><strong>EPMC \u2013 V\u0161\u012e Elektr\u0117n\u0173 profesinio mokymo centras<\/strong><\/a> (profesinio mokymo centras) projekto koordinatorius i\u0161 Lietuvos.<\/td>\n<\/tr>\n<tr>\n<td width=\"234\"><img loading=\"lazy\" decoding=\"async\" class=\"alignnone wp-image-312\" src=\"https:\/\/teachvet.eu\/wp-content\/uploads\/2020\/01\/Vytautas_Magnus_University_seal.svg_.png\" alt=\"\" width=\"150\" height=\"150\" srcset=\"https:\/\/teachvet.eu\/wp-content\/uploads\/2020\/01\/Vytautas_Magnus_University_seal.svg_.png 1200w, https:\/\/teachvet.eu\/wp-content\/uploads\/2020\/01\/Vytautas_Magnus_University_seal.svg_-150x150.png 150w, https:\/\/teachvet.eu\/wp-content\/uploads\/2020\/01\/Vytautas_Magnus_University_seal.svg_-300x300.png 300w, https:\/\/teachvet.eu\/wp-content\/uploads\/2020\/01\/Vytautas_Magnus_University_seal.svg_-768x768.png 768w, https:\/\/teachvet.eu\/wp-content\/uploads\/2020\/01\/Vytautas_Magnus_University_seal.svg_-1024x1024.png 1024w, https:\/\/teachvet.eu\/wp-content\/uploads\/2020\/01\/Vytautas_Magnus_University_seal.svg_-270x270.png 270w, https:\/\/teachvet.eu\/wp-content\/uploads\/2020\/01\/Vytautas_Magnus_University_seal.svg_-230x230.png 230w\" sizes=\"auto, (max-width: 150px) 100vw, 150px\" \/><\/td>\n<td width=\"380\">&nbsp;<\/p>\n<p><a href=\"https:\/\/www.vdu.lt\/en\/\"><strong>Vytauto Did\u017eiojo Universitetas <\/strong><\/a>partneris i\u0161 Lietuvos, atsakingas u\u017e profesijos mokytoj\u0173 komptenecij\u0173 palyginamosios studijos parengim\u0105 partneri\u0173 \u0161alyse (Lietuvoje, Vokietijoje ir Italijoje).<\/td>\n<\/tr>\n<tr>\n<td width=\"234\"><img loading=\"lazy\" decoding=\"async\" class=\"alignnone wp-image-313\" src=\"https:\/\/teachvet.eu\/wp-content\/uploads\/2020\/01\/Univr_nuovo_sigillo.jpg\" alt=\"\" width=\"150\" height=\"150\" srcset=\"https:\/\/teachvet.eu\/wp-content\/uploads\/2020\/01\/Univr_nuovo_sigillo.jpg 832w, https:\/\/teachvet.eu\/wp-content\/uploads\/2020\/01\/Univr_nuovo_sigillo-150x150.jpg 150w, https:\/\/teachvet.eu\/wp-content\/uploads\/2020\/01\/Univr_nuovo_sigillo-300x300.jpg 300w, https:\/\/teachvet.eu\/wp-content\/uploads\/2020\/01\/Univr_nuovo_sigillo-768x768.jpg 768w, https:\/\/teachvet.eu\/wp-content\/uploads\/2020\/01\/Univr_nuovo_sigillo-270x270.jpg 270w, https:\/\/teachvet.eu\/wp-content\/uploads\/2020\/01\/Univr_nuovo_sigillo-230x230.jpg 230w\" sizes=\"auto, (max-width: 150px) 100vw, 150px\" \/><\/td>\n<td width=\"380\">&nbsp;<\/p>\n<p><a href=\"http:\/\/www.carvet.org\/\"><strong>Centre for Action Research in Vocational Education CARVET<\/strong><\/a> &#8211; tai yra profesinio mokymo tyrim\u0173 centras Veronos Universitete, kurio ind\u0117lis projekte yra profesijos mokytoj\u0173 komptencij\u0173 tyrimo Italijoje vykdymas kartu su Vytauto Did\u017eiojo universitetu ruo\u0161iant palyginam\u0105j\u0105 studij\u0105.<\/td>\n<\/tr>\n<tr>\n<td width=\"234\"><img loading=\"lazy\" decoding=\"async\" class=\"wp-image-355 alignnone\" src=\"https:\/\/teachvet.eu\/wp-content\/uploads\/2020\/01\/ITB_Logo_dt_farbe.jpg\" alt=\"\" width=\"202\" height=\"70\" srcset=\"https:\/\/teachvet.eu\/wp-content\/uploads\/2020\/01\/ITB_Logo_dt_farbe.jpg 590w, https:\/\/teachvet.eu\/wp-content\/uploads\/2020\/01\/ITB_Logo_dt_farbe-300x104.jpg 300w\" sizes=\"auto, (max-width: 202px) 100vw, 202px\" \/><\/td>\n<td width=\"380\"><a href=\"https:\/\/www.itb.uni-bremen.de\/ccm\/projects\/projekte\/teach-vet.de?lang=de\"><strong>ITB <\/strong><\/a>partneris i\u0161 <a href=\"https:\/\/www.itb.uni-bremen.de\/ccm\/projects\/projekte\/teach-vet.de?lang=de\"><strong>Br\u0117meno universiteto<\/strong><\/a> Vokietijoje yra atsakingas u\u017e profesijos mokytoj\u0173 komptencij\u0173 tyrim\u0105 Vokietijoje kartu su Vytauto Did\u017eiojo universitetu ruo\u0161iant palyginam\u0105j\u0105 studij\u0105.<\/p>\n<p>&nbsp;<\/td>\n<\/tr>\n<tr>\n<td width=\"234\"><img loading=\"lazy\" decoding=\"async\" class=\"wp-image-315 alignnone\" src=\"https:\/\/teachvet.eu\/wp-content\/uploads\/2020\/01\/CNOS-FAP.jpeg\" alt=\"\" width=\"159\" height=\"159\" srcset=\"https:\/\/teachvet.eu\/wp-content\/uploads\/2020\/01\/CNOS-FAP.jpeg 384w, https:\/\/teachvet.eu\/wp-content\/uploads\/2020\/01\/CNOS-FAP-150x150.jpeg 150w, https:\/\/teachvet.eu\/wp-content\/uploads\/2020\/01\/CNOS-FAP-300x300.jpeg 300w, https:\/\/teachvet.eu\/wp-content\/uploads\/2020\/01\/CNOS-FAP-270x270.jpeg 270w, https:\/\/teachvet.eu\/wp-content\/uploads\/2020\/01\/CNOS-FAP-230x230.jpeg 230w\" sizes=\"auto, (max-width: 159px) 100vw, 159px\" \/><\/td>\n<td width=\"380\">&nbsp;<\/p>\n<p>Profesinio mokymo centr\u0173 asociacija\u201c<strong>Centro Nazionale Opere Salesiane \u2013 Formazione e Aggiornamento Professionale<\/strong>\u201d <a href=\"http:\/\/www.cnos-fap.it\/en\/en-home-page\"><strong>CNOS-FAP<\/strong> <\/a>i\u0161 Italijos yra atsakingi u\u017e projekto rezultat\u0173 i\u0161bandymo ir taikymo profesinio mokymo \u012fstaigose koordinavim\u0105.<\/td>\n<\/tr>\n<tr>\n<td width=\"234\"><img loading=\"lazy\" decoding=\"async\" class=\"wp-image-316 alignnone\" src=\"https:\/\/teachvet.eu\/wp-content\/uploads\/2020\/01\/Blinc-eG.gif\" alt=\"\" width=\"189\" height=\"113\" \/><\/td>\n<td width=\"380\"><a href=\"https:\/\/blinc-eu.org\/\"><strong>Mi\u0161raus mokymosi \u012fstaig\u0173 kooperatyvas blinc eG<\/strong><\/a> i\u0161 Vokietijos yra atsakingas u\u017e elektronin\u0117s platformos, skirtos profesijos mokytoj\u0173 ir meistr\u0173 kompetencij\u0173 vertinimui ir vystymui parengim\u0105. Jie pateikia \u0161ios priemon\u0117s technin\u012f sprendim\u0105, o taip pat r\u016bpinasi platformos turiniu.<\/td>\n<\/tr>\n<\/tbody>\n<\/table>\n","protected":false},"excerpt":{"rendered":"<p>&nbsp; EPMC \u2013 V\u0161\u012e Elektr\u0117n\u0173 profesinio mokymo centras (profesinio mokymo centras) projekto koordinatorius i\u0161 Lietuvos. &nbsp; Vytauto Did\u017eiojo Universitetas partneris i\u0161 Lietuvos, atsakingas u\u017e profesijos mokytoj\u0173 komptenecij\u0173 palyginamosios studijos parengim\u0105 partneri\u0173 \u0161alyse (Lietuvoje, Vokietijoje ir Italijoje). &nbsp; Centre for Action<\/p>\n","protected":false},"author":2,"featured_media":0,"parent":0,"menu_order":0,"comment_status":"closed","ping_status":"closed","template":"page-templates\/page-builder.php","meta":{"_locale":"lt_LT","_original_post":"28","footnotes":""},"class_list":["post-509","page","type-page","status-publish","hentry","lt-LT"],"_links":{"self":[{"href":"https:\/\/teachvet.eu\/wp-json\/wp\/v2\/pages\/509","targetHints":{"allow":["GET"]}}],"collection":[{"href":"https:\/\/teachvet.eu\/wp-json\/wp\/v2\/pages"}],"about":[{"href":"https:\/\/teachvet.eu\/wp-json\/wp\/v2\/types\/page"}],"author":[{"embeddable":true,"href":"https:\/\/teachvet.eu\/wp-json\/wp\/v2\/users\/2"}],"replies":[{"embeddable":true,"href":"https:\/\/teachvet.eu\/wp-json\/wp\/v2\/comments?post=509"}],"version-history":[{"count":3,"href":"https:\/\/teachvet.eu\/wp-json\/wp\/v2\/pages\/509\/revisions"}],"predecessor-version":[{"id":515,"href":"https:\/\/teachvet.eu\/wp-json\/wp\/v2\/pages\/509\/revisions\/515"}],"wp:attachment":[{"href":"https:\/\/teachvet.eu\/wp-json\/wp\/v2\/media?parent=509"}],"curies":[{"name":"wp","href":"https:\/\/api.w.org\/{rel}","templated":true}]}}