{"id":466,"date":"2020-05-16T19:29:53","date_gmt":"2020-05-16T19:29:53","guid":{"rendered":"https:\/\/teachvet.eu\/?page_id=466"},"modified":"2021-05-25T15:06:57","modified_gmt":"2021-05-25T15:06:57","slug":"comparative-study","status":"publish","type":"page","link":"https:\/\/teachvet.eu\/lt\/comparative-study\/","title":{"rendered":"Lyginamasis tyrimas"},"content":{"rendered":"<p><\/p>\r\n<p>&nbsp;<\/p>\r\n<p><img loading=\"lazy\" decoding=\"async\" class=\"wp-image-422 alignleft\" src=\"https:\/\/teachvet.eu\/wp-content\/uploads\/2020\/01\/Study-300x200.jpg\" alt=\"\" width=\"329\" height=\"219\" srcset=\"https:\/\/teachvet.eu\/wp-content\/uploads\/2020\/01\/Study-300x200.jpg 300w, https:\/\/teachvet.eu\/wp-content\/uploads\/2020\/01\/Study.jpg 750w\" sizes=\"auto, (max-width: 329px) 100vw, 329px\" \/><\/p>\r\n<p>\r\n\r\n<\/p>\r\n<h6>Profesijos mokytoj\u0173 ir meistr\u0173 kompetencij\u0173 vystymas Vokietijoje, Italijoje ir Lietuvoje<\/h6>\r\n<p><strong>Autoriai:<\/strong> T\u016btlys, Vidmantas; Gedvilien\u0117, Genut\u0117; Saniter, Andreas; Klein, Iris; Tacconi, Giuseppe; Perrini, Marco<\/p>\r\n<p>\u0160io lyginamojo tyrimo tikslas yra atskleisti profesijos mokytoj\u0173 ir meistr\u0173 kompetencij\u0173 vystymo Vokietijoje, Italijoje ir Lietuvoje pana\u0161umus ir skirtumus. Tyrimas yra Erasmus+ projekto TEACHVET veikl\u0173 dalis.<\/p>\r\n<p>&nbsp;<\/p>\r\n<h6>Tyrimo klausimai:<\/h6>\r\n<ol>\r\n<li style=\"list-style-type: none;\">\r\n<ol>\r\n<li style=\"list-style-type: none;\">\r\n<ol>\r\n<li style=\"list-style-type: none;\">\r\n<ol>\r\n<li style=\"list-style-type: none;\">\r\n<ol>\r\n<li style=\"list-style-type: none;\">\r\n<ol>\r\n<li>Kiek ir kaip profesijos mokytoj\u0173 ir meistr\u0173 rengim\u0105 ir t\u0119stin\u012f mokym\u0105 reglamentuoja nacionaliniai \u012fstatymai ir teis\u0117s aktai?<\/li>\r\n<li>Kokius \u012fsipareigojimus prisiima \u012fvairios tre\u010diosios \u0161alys kuriant profesijos mokytoj\u0173 ir meistr\u0173 mokymo turin\u012f, mokym\u0173 organizavim\u0105, \u012fgyt\u0173 kompetencij\u0173 ir kvalifikacij\u0173 vertinim\u0105?<\/li>\r\n<li>Kokie yra profesijos mokytoj\u0173 ir meistr\u0173 kompetencij\u0173 ir kvalifikacij\u0173 teisinio reguliavimo instrumentai ir mechanizmai?<\/li>\r\n<li>Kokie yra pagrindiniai profesijos mokytoj\u0173 ir meistr\u0173 kompetencij\u0173 skirtumai ir pana\u0161umai nurodytose \u0161alyse?<\/li>\r\n<\/ol>\r\n<\/li>\r\n<\/ol>\r\n<\/li>\r\n<\/ol>\r\n<\/li>\r\n<\/ol>\r\n<\/li>\r\n<\/ol>\r\n<\/li>\r\n<\/ol>\r\n<p>&nbsp;<\/p>\r\n<p>Taikyti tyrimo metodai apima lyginam\u0105j\u0105 turinio analiz\u0119 bei kokybinius tyrimo metodus tokius kaip interviu metodas.<\/p>\r\n<h6>Tyrimo ataskaita: <a href=\"https:\/\/teachvet.eu\/wp-content\/uploads\/2021\/05\/FB_69-1.pdf\" target=\"_blank\" rel=\"noopener noreferrer\">Teach VET Comparative Study<\/a><\/h6>\r\n<p>&nbsp;<\/p>","protected":false},"excerpt":{"rendered":"<p>&nbsp; Profesijos mokytoj\u0173 ir meistr\u0173 kompetencij\u0173 vystymas Vokietijoje, Italijoje ir Lietuvoje Autoriai: T\u016btlys, Vidmantas; Gedvilien\u0117, Genut\u0117; Saniter, Andreas; Klein, Iris; Tacconi, Giuseppe; Perrini, Marco \u0160io lyginamojo tyrimo tikslas yra atskleisti profesijos mokytoj\u0173 ir meistr\u0173 kompetencij\u0173 vystymo Vokietijoje, Italijoje ir Lietuvoje<\/p>\n","protected":false},"author":2,"featured_media":0,"parent":0,"menu_order":0,"comment_status":"closed","ping_status":"closed","template":"page-templates\/page-builder.php","meta":{"_locale":"lt_LT","_original_post":"103","footnotes":""},"class_list":["post-466","page","type-page","status-publish","hentry","lt-LT"],"_links":{"self":[{"href":"https:\/\/teachvet.eu\/wp-json\/wp\/v2\/pages\/466","targetHints":{"allow":["GET"]}}],"collection":[{"href":"https:\/\/teachvet.eu\/wp-json\/wp\/v2\/pages"}],"about":[{"href":"https:\/\/teachvet.eu\/wp-json\/wp\/v2\/types\/page"}],"author":[{"embeddable":true,"href":"https:\/\/teachvet.eu\/wp-json\/wp\/v2\/users\/2"}],"replies":[{"embeddable":true,"href":"https:\/\/teachvet.eu\/wp-json\/wp\/v2\/comments?post=466"}],"version-history":[{"count":14,"href":"https:\/\/teachvet.eu\/wp-json\/wp\/v2\/pages\/466\/revisions"}],"predecessor-version":[{"id":955,"href":"https:\/\/teachvet.eu\/wp-json\/wp\/v2\/pages\/466\/revisions\/955"}],"wp:attachment":[{"href":"https:\/\/teachvet.eu\/wp-json\/wp\/v2\/media?parent=466"}],"curies":[{"name":"wp","href":"https:\/\/api.w.org\/{rel}","templated":true}]}}