{"id":125,"date":"2020-05-16T18:38:53","date_gmt":"2020-05-16T18:38:53","guid":{"rendered":"https:\/\/teachvet.eu\/?page_id=125"},"modified":"2020-05-16T19:00:28","modified_gmt":"2020-05-16T19:00:28","slug":"about","status":"publish","type":"page","link":"https:\/\/teachvet.eu\/lt\/about\/","title":{"rendered":"Apie"},"content":{"rendered":"<p><img loading=\"lazy\" decoding=\"async\" class=\"alignright size-full wp-image-150\" src=\"https:\/\/teachvet.eu\/wp-content\/uploads\/2019\/09\/partnership-1.jpg\" alt=\"\" width=\"448\" height=\"336\" srcset=\"https:\/\/teachvet.eu\/wp-content\/uploads\/2019\/09\/partnership-1.jpg 448w, https:\/\/teachvet.eu\/wp-content\/uploads\/2019\/09\/partnership-1-300x225.jpg 300w\" sizes=\"auto, (max-width: 448px) 100vw, 448px\" \/>TeachVET trumpinys angl\u0173 kalboje rei\u0161kia Profesijos mokytoj\u0173 ir meistr\u0173 mokymo kompetencij\u0173 \u012fsivertinimo ir vystymo platforma. Tai yra strategin\u0117s partneryst\u0117s projektas, finansuojamas i\u0161 Erasmus+ programos, kur\u012f vykdo partneriai i\u0161 Lietuvos, Italijos ir Vokietijos. Jis vykdomas nuo 2018 lapkri\u010dio m\u0117n. iki 2020 spalio m\u0117n.<\/p>\n<p>TeachVET projekto tikslas yra sukurti elektronin\u0119 priemon\u0119 tam, kad profesijos mokytojai ir meistrai gal\u0117t\u0173 atlikti kompetencij\u0173 \u012fsivertinim\u0105, steb\u0117sen\u0105 ir planuot\u0173 savo profesin\u012f augim\u0105.<br \/>\n\u0160ios priemon\u0117s k\u016brimo metodologija yra pagr\u012fsta profesijos mokytoj\u0173 ir meistr\u0173 mokymo proces\u0173 ir veiklos sri\u010di\u0173 analize \u012fmon\u0117se, atlikta Lietuvoje, Italijoje ir Vokietijoje.<\/p>\n<p>Pirmin\u0117s palyginamosios analiz\u0117s pagrindu buvo paruo\u0161ti vertinimo klausimynai. Kiekvienai kompetencij\u0173 sri\u010diai, nurodytai klausimyne, yra rekomenduojami nuotolinio mokymosi kursai skirti tobulinimuisi.<\/p>\n<p>TeachVET e-platformos, skirtos profesijos mokytoj\u0173 ir meistr\u0173 kompetencij\u0173 vertinimui, naudojimo tikslas yra pagerinti vykdom\u0173 mokym\u0173 kokybin\u012f efektyvum\u0105 ir palengvinti profesijos mokytoj\u0173 ir meistr\u0173 profesin\u012f tobul\u0117jim\u0105.<\/p>\n<h6><strong>Intelektini\u0173 produkt\u0173 ap\u017evalga<\/strong><\/h6>\n<p>IO1: Profesijos mokytoj\u0173 kompetencij\u0173 palyginamoji analiz\u0117 partneri\u0173 \u0161alyse &#8211; Lietuvoje, Vokietijoje ir Italijoje \u0161iose srityse: 1) Profesinio mokymo turinio sudarymas, 2) mokymo ir pameistryst\u0117s proceso organizavimas, 3) profesinio mokymo didaktika, ir, 4) formalusis mokymosi vertinimas. Atlikta studija pateikia mokymo kompetencij\u0173 profilius kiekvienoje partneri\u0173 \u0161alyje.<\/p>\n<p>IO2: Elektronin\u0117 platforma, skirta profesijos mokytoj\u0173 kompetencij\u0173 \u012fsivertinimui, monitoringui, profesiniam augimui ir palyginimui pagal paruo\u0161tus kompetencij\u0173 apra\u0161us.<\/p>\n","protected":false},"excerpt":{"rendered":"<p>TeachVET trumpinys angl\u0173 kalboje rei\u0161kia Profesijos mokytoj\u0173 ir meistr\u0173 mokymo kompetencij\u0173 \u012fsivertinimo ir vystymo platforma. Tai yra strategin\u0117s partneryst\u0117s projektas, finansuojamas i\u0161 Erasmus+ programos, kur\u012f vykdo partneriai i\u0161 Lietuvos, Italijos ir Vokietijos. Jis vykdomas nuo 2018 lapkri\u010dio m\u0117n. iki 2020<\/p>\n","protected":false},"author":2,"featured_media":0,"parent":0,"menu_order":0,"comment_status":"closed","ping_status":"closed","template":"","meta":{"_locale":"lt_LT","_original_post":"26","footnotes":""},"class_list":["post-125","page","type-page","status-publish","hentry","lt-LT"],"_links":{"self":[{"href":"https:\/\/teachvet.eu\/wp-json\/wp\/v2\/pages\/125","targetHints":{"allow":["GET"]}}],"collection":[{"href":"https:\/\/teachvet.eu\/wp-json\/wp\/v2\/pages"}],"about":[{"href":"https:\/\/teachvet.eu\/wp-json\/wp\/v2\/types\/page"}],"author":[{"embeddable":true,"href":"https:\/\/teachvet.eu\/wp-json\/wp\/v2\/users\/2"}],"replies":[{"embeddable":true,"href":"https:\/\/teachvet.eu\/wp-json\/wp\/v2\/comments?post=125"}],"version-history":[{"count":5,"href":"https:\/\/teachvet.eu\/wp-json\/wp\/v2\/pages\/125\/revisions"}],"predecessor-version":[{"id":506,"href":"https:\/\/teachvet.eu\/wp-json\/wp\/v2\/pages\/125\/revisions\/506"}],"wp:attachment":[{"href":"https:\/\/teachvet.eu\/wp-json\/wp\/v2\/media?parent=125"}],"curies":[{"name":"wp","href":"https:\/\/api.w.org\/{rel}","templated":true}]}}