{"id":507,"date":"2020-05-16T19:08:56","date_gmt":"2020-05-16T19:08:56","guid":{"rendered":"https:\/\/teachvet.eu\/?page_id=507"},"modified":"2020-05-16T19:26:35","modified_gmt":"2020-05-16T19:26:35","slug":"contact","status":"publish","type":"page","link":"https:\/\/teachvet.eu\/it\/contact\/","title":{"rendered":"Partnenariato"},"content":{"rendered":"<table>\n<tbody>\n<tr>\n<td width=\"234\"><img loading=\"lazy\" decoding=\"async\" class=\"alignnone wp-image-311\" src=\"https:\/\/teachvet.eu\/wp-content\/uploads\/2020\/01\/V\u0161\u012e-Elektr\u0117n\u0173-profesinio-mokymo-centras.jpg\" alt=\"\" width=\"164\" height=\"164\" srcset=\"https:\/\/teachvet.eu\/wp-content\/uploads\/2020\/01\/V\u0161\u012e-Elektr\u0117n\u0173-profesinio-mokymo-centras.jpg 225w, https:\/\/teachvet.eu\/wp-content\/uploads\/2020\/01\/V\u0161\u012e-Elektr\u0117n\u0173-profesinio-mokymo-centras-150x150.jpg 150w\" sizes=\"auto, (max-width: 164px) 100vw, 164px\" \/><\/td>\n<td width=\"380\">&nbsp;<\/p>\n<p><a href=\"http:\/\/www.epmc.lt\/erasmus\/platform-self-assessment-development-teaching-competence-vet-teachers-trainers-2\/\"><strong>EPMC &#8211; <\/strong>V\u0161\u012e Elektr\u0117n\u0173 profesinio mokymo centras<\/a> (Lithuania) \u00e8 un centro pubblico di IeFP, coordinatore del progetto.<\/td>\n<\/tr>\n<tr>\n<td width=\"234\"><img loading=\"lazy\" decoding=\"async\" class=\"alignnone wp-image-312\" src=\"https:\/\/teachvet.eu\/wp-content\/uploads\/2020\/01\/Vytautas_Magnus_University_seal.svg_.png\" alt=\"\" width=\"150\" height=\"150\" srcset=\"https:\/\/teachvet.eu\/wp-content\/uploads\/2020\/01\/Vytautas_Magnus_University_seal.svg_.png 1200w, https:\/\/teachvet.eu\/wp-content\/uploads\/2020\/01\/Vytautas_Magnus_University_seal.svg_-150x150.png 150w, https:\/\/teachvet.eu\/wp-content\/uploads\/2020\/01\/Vytautas_Magnus_University_seal.svg_-300x300.png 300w, https:\/\/teachvet.eu\/wp-content\/uploads\/2020\/01\/Vytautas_Magnus_University_seal.svg_-768x768.png 768w, https:\/\/teachvet.eu\/wp-content\/uploads\/2020\/01\/Vytautas_Magnus_University_seal.svg_-1024x1024.png 1024w, https:\/\/teachvet.eu\/wp-content\/uploads\/2020\/01\/Vytautas_Magnus_University_seal.svg_-270x270.png 270w, https:\/\/teachvet.eu\/wp-content\/uploads\/2020\/01\/Vytautas_Magnus_University_seal.svg_-230x230.png 230w\" sizes=\"auto, (max-width: 150px) 100vw, 150px\" \/><\/td>\n<td width=\"380\">&nbsp;<\/p>\n<p><a href=\"https:\/\/www.vdu.lt\/en\/\"><strong>Vytautas Magnus University<\/strong><\/a> <strong>(<\/strong>Lituania), \u00e8 il partner leader nell\u2019esecuzione dello studio comparativo dei profili delle competenze di docenti e formatori della IeFP nei paesi partner (Lituania, Germania e Italia).<\/td>\n<\/tr>\n<tr>\n<td width=\"234\"><img loading=\"lazy\" decoding=\"async\" class=\"alignnone wp-image-313\" src=\"https:\/\/teachvet.eu\/wp-content\/uploads\/2020\/01\/Univr_nuovo_sigillo.jpg\" alt=\"\" width=\"150\" height=\"150\" srcset=\"https:\/\/teachvet.eu\/wp-content\/uploads\/2020\/01\/Univr_nuovo_sigillo.jpg 832w, https:\/\/teachvet.eu\/wp-content\/uploads\/2020\/01\/Univr_nuovo_sigillo-150x150.jpg 150w, https:\/\/teachvet.eu\/wp-content\/uploads\/2020\/01\/Univr_nuovo_sigillo-300x300.jpg 300w, https:\/\/teachvet.eu\/wp-content\/uploads\/2020\/01\/Univr_nuovo_sigillo-768x768.jpg 768w, https:\/\/teachvet.eu\/wp-content\/uploads\/2020\/01\/Univr_nuovo_sigillo-270x270.jpg 270w, https:\/\/teachvet.eu\/wp-content\/uploads\/2020\/01\/Univr_nuovo_sigillo-230x230.jpg 230w\" sizes=\"auto, (max-width: 150px) 100vw, 150px\" \/><\/td>\n<td width=\"380\">&nbsp;<\/p>\n<p><a href=\"http:\/\/www.carvet.org\/\"><strong>CARVET<\/strong><\/a>&#8211; <a href=\"http:\/\/www.carvet.org\/\">Centre for Action Research in Vocational Education\u00a0 <\/a>(Universit\u00e0 di Verona) \u00e8 il partner responsabile dello studio dei profili delle competenze didattiche dei formatori della IeFP in Italia e collaborer\u00e0 con la Vytautas Magnus University nello svolgimento degli studi comparativi.<\/td>\n<\/tr>\n<tr>\n<td width=\"234\"><img loading=\"lazy\" decoding=\"async\" class=\"wp-image-355 alignnone\" src=\"https:\/\/teachvet.eu\/wp-content\/uploads\/2020\/01\/ITB_Logo_dt_farbe.jpg\" alt=\"\" width=\"202\" height=\"70\" srcset=\"https:\/\/teachvet.eu\/wp-content\/uploads\/2020\/01\/ITB_Logo_dt_farbe.jpg 590w, https:\/\/teachvet.eu\/wp-content\/uploads\/2020\/01\/ITB_Logo_dt_farbe-300x104.jpg 300w\" sizes=\"auto, (max-width: 202px) 100vw, 202px\" \/><\/td>\n<td width=\"380\"><strong><a href=\"https:\/\/www.itb.uni-bremen.de\/ccm\/projects\/projekte\/teach-vet.de?lang=de\">ITB<\/a> <\/strong>presso <a href=\"https:\/\/www.itb.uni-bremen.de\/ccm\/projects\/projekte\/teach-vet.de?lang=de\">l&#8217;Universit\u00e0 di Brema<\/a> (Germania) \u00e8 il responsabile dello studio dei profili delle competenze didattiche dei docenti della IeFP in Germania e supporter\u00e0 l&#8217;Universit\u00e0 Vytautas Magnus nello svolgimento degli studi comparativi.<\/td>\n<\/tr>\n<tr>\n<td width=\"234\"><img loading=\"lazy\" decoding=\"async\" class=\"wp-image-315 alignnone\" src=\"https:\/\/teachvet.eu\/wp-content\/uploads\/2020\/01\/CNOS-FAP.jpeg\" alt=\"\" width=\"159\" height=\"159\" srcset=\"https:\/\/teachvet.eu\/wp-content\/uploads\/2020\/01\/CNOS-FAP.jpeg 384w, https:\/\/teachvet.eu\/wp-content\/uploads\/2020\/01\/CNOS-FAP-150x150.jpeg 150w, https:\/\/teachvet.eu\/wp-content\/uploads\/2020\/01\/CNOS-FAP-300x300.jpeg 300w, https:\/\/teachvet.eu\/wp-content\/uploads\/2020\/01\/CNOS-FAP-270x270.jpeg 270w, https:\/\/teachvet.eu\/wp-content\/uploads\/2020\/01\/CNOS-FAP-230x230.jpeg 230w\" sizes=\"auto, (max-width: 159px) 100vw, 159px\" \/><\/td>\n<td width=\"380\">&nbsp;<\/p>\n<p><strong>Federazione CNOS-FAP &#8211; <\/strong><a href=\"http:\/\/www.cnos-fap.it\/en\/en-home-page\">Centro Nazionale Opere Salesiane \u2013 Formazione e Aggiornamento Professionale<\/a> (Italia) \u00e8 responsabile del coordinamento della fase di testing e della diffusione dei risultati del progetto.<\/td>\n<\/tr>\n<tr>\n<td width=\"234\"><img loading=\"lazy\" decoding=\"async\" class=\"wp-image-316 alignnone\" src=\"https:\/\/teachvet.eu\/wp-content\/uploads\/2020\/01\/Blinc-eG.gif\" alt=\"\" width=\"189\" height=\"113\" \/><\/td>\n<td width=\"380\"><strong>blinc eG<\/strong> &#8211; <a href=\"https:\/\/blinc-eu.org\/\">blended learning institutions cooperative (Germania)<\/a> \u00e8 il partner responsabile della progettazione dello strumento online per l\u2019autovalutazione e lo sviluppo delle competenze didattiche per docenti e formatori della IeFP. Oltre alla progettazione dello strumento, contribuir\u00e0 allo sviluppo dei contenuti.<\/td>\n<\/tr>\n<\/tbody>\n<\/table>\n","protected":false},"excerpt":{"rendered":"<p>&nbsp; EPMC &#8211; V\u0161\u012e Elektr\u0117n\u0173 profesinio mokymo centras (Lithuania) \u00e8 un centro pubblico di IeFP, coordinatore del progetto. &nbsp; Vytautas Magnus University (Lituania), \u00e8 il partner leader nell\u2019esecuzione dello studio comparativo dei profili delle competenze di docenti e formatori della<\/p>\n","protected":false},"author":2,"featured_media":0,"parent":0,"menu_order":0,"comment_status":"closed","ping_status":"closed","template":"page-templates\/page-builder.php","meta":{"_locale":"it_IT","_original_post":"28","footnotes":""},"class_list":["post-507","page","type-page","status-publish","hentry","it-IT"],"_links":{"self":[{"href":"https:\/\/teachvet.eu\/wp-json\/wp\/v2\/pages\/507","targetHints":{"allow":["GET"]}}],"collection":[{"href":"https:\/\/teachvet.eu\/wp-json\/wp\/v2\/pages"}],"about":[{"href":"https:\/\/teachvet.eu\/wp-json\/wp\/v2\/types\/page"}],"author":[{"embeddable":true,"href":"https:\/\/teachvet.eu\/wp-json\/wp\/v2\/users\/2"}],"replies":[{"embeddable":true,"href":"https:\/\/teachvet.eu\/wp-json\/wp\/v2\/comments?post=507"}],"version-history":[{"count":3,"href":"https:\/\/teachvet.eu\/wp-json\/wp\/v2\/pages\/507\/revisions"}],"predecessor-version":[{"id":512,"href":"https:\/\/teachvet.eu\/wp-json\/wp\/v2\/pages\/507\/revisions\/512"}],"wp:attachment":[{"href":"https:\/\/teachvet.eu\/wp-json\/wp\/v2\/media?parent=507"}],"curies":[{"name":"wp","href":"https:\/\/api.w.org\/{rel}","templated":true}]}}