{"id":465,"date":"2020-05-16T19:33:20","date_gmt":"2020-05-16T19:33:20","guid":{"rendered":"https:\/\/teachvet.eu\/?page_id=465"},"modified":"2021-05-25T15:07:27","modified_gmt":"2021-05-25T15:07:27","slug":"comparative-study","status":"publish","type":"page","link":"https:\/\/teachvet.eu\/it\/comparative-study\/","title":{"rendered":"Studio Comparativo"},"content":{"rendered":"<p><\/p>\r\n<p>&nbsp;<\/p>\r\n<p><img loading=\"lazy\" decoding=\"async\" class=\"wp-image-422 alignleft\" src=\"https:\/\/teachvet.eu\/wp-content\/uploads\/2020\/01\/Study-300x200.jpg\" alt=\"\" width=\"329\" height=\"219\" srcset=\"https:\/\/teachvet.eu\/wp-content\/uploads\/2020\/01\/Study-300x200.jpg 300w, https:\/\/teachvet.eu\/wp-content\/uploads\/2020\/01\/Study.jpg 750w\" sizes=\"auto, (max-width: 329px) 100vw, 329px\" \/><\/p>\r\n<p>\r\n\r\n<\/p>\r\n<h6>Sviluppo delle competenze didattiche di docenti e formatori della IeFP in Germania, Italia e Lituania<\/h6>\r\n<p><strong>Autori: <\/strong>T\u016btlys, Vidmantas; Gedvilien\u0117, Genut\u0117; Saniter, Andreas; Klein, Iris; Tacconi, Giuseppe; Perini, Marco<\/p>\r\n<p><strong><br \/><\/strong>L&#8217;obiettivo di questo studio comparativo \u00e8 quello di rivelare tendenze comuni e divergenti nello sviluppo delle competenze pedagogiche dei formatori e dei insegnanti della IeFP in Germania, Italia e Lituania nell&#8217;ambito del progetto Erasmus+ TeachVET.<\/p>\r\n<p>&nbsp;<\/p>\r\n<h6>Lo studio si concentra sulle seguenti domande di ricerca:<\/h6>\r\n<p>&nbsp;<\/p>\r\n<ol>\r\n<li>In che misura e in che modo le questioni relative alla formazione e allo sviluppo di docenti e formatori della IeFP sono regolate dalle leggi e dagli atti giuridici nazionali?<\/li>\r\n<li>Quali sono le responsabilit\u00e0 delle diverse parti interessate nella progettazione dei curricula per la formazione degli insegnanti e dei formatori della IeFP, nell&#8217;organizzazione della formazione, nella valutazione delle competenze e delle qualifiche acquisite?<\/li>\r\n<li>Quali sono gli strumenti e i meccanismi della regolamentazione giuridica delle competenze e delle qualifiche degli insegnanti e dei formatori?<\/li>\r\n<li>Quali sono le principali somiglianze e differenze tra le competenze dei docenti e dei formatori della IeFP nei paesi sopra indicati?<\/li>\r\n<\/ol>\r\n<p>&nbsp;<\/p>\r\n<p>I metodi di ricerca applicati comprendono analisi comparative del contenuto, nonch\u00e9 metodi di ricerca qualitativa come interviste.<br \/><br \/><\/p>\r\n<h6>Leggi lo studio:<a href=\"https:\/\/teachvet.eu\/wp-content\/uploads\/2021\/05\/FB_69-1.pdf\" target=\"_blank\" rel=\"noopener noreferrer\">Teach VET Comparative Study<\/a><\/h6>\r\n<p>&nbsp;<\/p>\r\n<p><\/p>","protected":false},"excerpt":{"rendered":"<p>&nbsp; Sviluppo delle competenze didattiche di docenti e formatori della IeFP in Germania, Italia e Lituania Autori: T\u016btlys, Vidmantas; Gedvilien\u0117, Genut\u0117; Saniter, Andreas; Klein, Iris; Tacconi, Giuseppe; Perini, Marco L&#8217;obiettivo di questo studio comparativo \u00e8 quello di rivelare tendenze comuni<\/p>\n","protected":false},"author":2,"featured_media":0,"parent":0,"menu_order":0,"comment_status":"closed","ping_status":"closed","template":"page-templates\/page-builder.php","meta":{"_locale":"it_IT","_original_post":"103","footnotes":""},"class_list":["post-465","page","type-page","status-publish","hentry","it-IT"],"_links":{"self":[{"href":"https:\/\/teachvet.eu\/wp-json\/wp\/v2\/pages\/465","targetHints":{"allow":["GET"]}}],"collection":[{"href":"https:\/\/teachvet.eu\/wp-json\/wp\/v2\/pages"}],"about":[{"href":"https:\/\/teachvet.eu\/wp-json\/wp\/v2\/types\/page"}],"author":[{"embeddable":true,"href":"https:\/\/teachvet.eu\/wp-json\/wp\/v2\/users\/2"}],"replies":[{"embeddable":true,"href":"https:\/\/teachvet.eu\/wp-json\/wp\/v2\/comments?post=465"}],"version-history":[{"count":7,"href":"https:\/\/teachvet.eu\/wp-json\/wp\/v2\/pages\/465\/revisions"}],"predecessor-version":[{"id":956,"href":"https:\/\/teachvet.eu\/wp-json\/wp\/v2\/pages\/465\/revisions\/956"}],"wp:attachment":[{"href":"https:\/\/teachvet.eu\/wp-json\/wp\/v2\/media?parent=465"}],"curies":[{"name":"wp","href":"https:\/\/api.w.org\/{rel}","templated":true}]}}