{"id":657,"date":"2020-05-16T23:52:26","date_gmt":"2020-05-16T23:52:26","guid":{"rendered":"https:\/\/teachvet.eu\/?page_id=657"},"modified":"2020-11-23T20:02:54","modified_gmt":"2020-11-23T20:02:54","slug":"resources-for-trainers","status":"publish","type":"page","link":"https:\/\/teachvet.eu\/de\/learning\/resources-for-trainers\/","title":{"rendered":"Lernressourcen f\u00fcr AusbilderInnen"},"content":{"rendered":"<img loading=\"lazy\" decoding=\"async\" class=\"alignright wp-image-428 size-full\" src=\"https:\/\/teachvet.eu\/wp-content\/uploads\/2020\/01\/hans-peter-gauster-3y1zF4hIPCg-unsplash.jpg\" alt=\"\" width=\"1024\" height=\"318\" srcset=\"https:\/\/teachvet.eu\/wp-content\/uploads\/2020\/01\/hans-peter-gauster-3y1zF4hIPCg-unsplash.jpg 1024w, https:\/\/teachvet.eu\/wp-content\/uploads\/2020\/01\/hans-peter-gauster-3y1zF4hIPCg-unsplash-300x93.jpg 300w, https:\/\/teachvet.eu\/wp-content\/uploads\/2020\/01\/hans-peter-gauster-3y1zF4hIPCg-unsplash-768x239.jpg 768w\" sizes=\"auto, (max-width: 1024px) 100vw, 1024px\" \/>\r\n\r\n&nbsp;\r\n\r\n&nbsp;\r\n\r\n<strong>Hier finden Sie sowohl online frei verf\u00fcgbare Lernressourcen, als auch Empfehlungen f\u00fcr analoge Weiterbildungsangebote f\u00fcr jedes der 11 Kompetenzfelder. <\/strong>\r\n\r\nDiese Weiterbildungsangebote fungieren als Beispiele. Bitte informieren sie sich bei ihrem jeweilig <a href=\"https:\/\/www.kmk.org\/service\/servicebereich-schule\/landesinstitute.html\" target=\"_blank\" rel=\"noopener noreferrer\">zust\u00e4ndigem Landesinstitut.<\/a>\r\n\r\n&nbsp;\r\n<p class=\"has-background has-medium-font-size has-pale-cyan-blue-background-color\" style=\"text-align: center;\"><span style=\"color: #ffffff;\">1. Planung der beruflichen Bildung und Ausbildung<\/span><\/p>\r\n\r\n<p style=\"padding-left: 80px;\">Ausbildernetz.de: <a href=\"http:\/\/www.ausbildernetz.de\/plus\/waehrend\/planen_organisieren\/plane_organisieren.rsys\" target=\"_blank\" rel=\"noopener noreferrer\">Effektive Ausbildungsorganisation<\/a><\/p>\r\n<p style=\"padding-left: 80px;\">Bibb.de: <a href=\"https:\/\/www.bibb.de\/dokumente\/pdf\/2019-12-05_UH-Liste.pdf\" target=\"_blank\" rel=\"noopener noreferrer\">F\u00fcr die Ausbildungspraxis: Angebot an Umsetzungshilfen<\/a><\/p>\r\n<p class=\"has-background has-medium-font-size has-pale-cyan-blue-background-color\" style=\"text-align: center;\"><span style=\"color: #ffffff;\">2. Umsetzung der beruflichen Ausbildung in Berufsschulen<\/span><\/p>\r\n<!-- \/wp:post-content -->\r\n<p style=\"padding-left: 80px;\">Ausbildernetz.de: <a href=\"http:\/\/www.ausbildernetz.de\/plus\/waehrend\/ausbilden\/ausbilden.rsys\" target=\"_blank\" rel=\"noopener noreferrer\">Ausbilden<\/a><\/p>\r\n<p style=\"padding-left: 80px;\">Foraus.de: <a href=\"https:\/\/www.foraus.de\/de\/foraus_111681.php\" target=\"_blank\" rel=\"noopener noreferrer\">Planung und Gestaltung der Ausbildung<\/a><\/p>\r\n<p class=\"has-background has-medium-font-size has-pale-cyan-blue-background-color\" style=\"text-align: center;\"><span style=\"color: #ffffff;\">3. Umsetzung der beruflichen Bildung in Unternehmen<\/span><\/p>\r\n<!-- \/wp:paragraph -->\r\n<p style=\"padding-left: 80px;\">Open Educational Resources.de: <a href=\"https:\/\/open-educational-resources.de\/dossierseite\/?praxis=&amp;bereich=&amp;querschnittsthema=didaktik\" target=\"_blank\" rel=\"noopener noreferrer\">Didaktik<\/a><\/p>\r\n<p style=\"padding-left: 80px;\">Ausbildernetz.de: <a href=\"http:\/\/www.ausbildernetz.de\/plus\/waehrend\/laa\/laa.rsys\" target=\"_blank\" rel=\"noopener noreferrer\">Ausbildungen prozessorientiert gestaltet, Projektarbeit und die Verkn\u00fcpfung von Arbeiten und Lernen<\/a><\/p>\r\n<p style=\"padding-left: 80px;\">Ausbildernetz.de: <a href=\"http:\/\/www.ausbildernetz.de\/plus\/waehrend\/vermittlung\/planen\/planan.rsys\" target=\"_blank\" rel=\"noopener noreferrer\">Betriebliche Unterrichtsplanung, Planungsphasen, Analysekriterien zur Beschreibung der Lernvoraussetzungen<\/a><\/p>\r\n<p style=\"padding-left: 80px;\">Ausbildernetz.de: <a href=\"http:\/\/www.ausbildernetz.de\/plus\/waehrend\/vermittlung\/unterricht\/unterricht.rsys\" target=\"_blank\" rel=\"noopener noreferrer\">Zuordnung der Lernmethoden zu Lerninhalt, Ausbildungssituation und Lernort<\/a><\/p>\r\n<p class=\"has-background has-medium-font-size has-pale-cyan-blue-background-color\" style=\"text-align: center;\"><span style=\"color: #ffffff;\">4. Unterrichten von Auszubildenden mit besonderen Bed\u00fcrfnissen<\/span><\/p>\r\n<!-- \/wp:paragraph -->\r\n<p style=\"padding-left: 80px;\">Denk-doch-mal.de: <a href=\"http:\/\/denk-doch-mal.de\/wp\/nicole-kimmelmann-was-brauchen-ausbilder-im-umgang-mit-kulturell-heterogenen-lerngruppen\/\" target=\"_blank\" rel=\"noopener noreferrer\">Was brauchen Ausbilder im Umgang mit kulturell heterogenen Lerngruppen<\/a><\/p>\r\n<p style=\"padding-left: 80px;\">Kofa.de: <a href=\"https:\/\/www.kofa.de\/dossiers\/inklusion-gestalten\/wegweiser-inklusion-im-betrieb\" target=\"_blank\" rel=\"noopener noreferrer\">Wegweiser Inklusion im Betrieb<\/a><\/p>\r\n<p style=\"padding-left: 80px;\">Ausbildernetz.de: <a href=\"http:\/\/www.ausbildernetz.de\/plus\/waehrend\/jugendliche_beeintraechtigungen\/jugendliche_beeintraechtigungen.rsys\" target=\"_blank\" rel=\"noopener noreferrer\">Ausbildung von Jugendlichen mit Beeintr\u00e4chtigungen<\/a><\/p>\r\n<p class=\"has-background has-medium-font-size has-pale-cyan-blue-background-color\" style=\"text-align: center;\"><span style=\"color: #ffffff;\">5. Bewertung und \u00dcberwachung der Lernergebnisse der Auszubildenden<\/span><\/p>\r\n<!-- \/wp:paragraph -->\r\n<p style=\"padding-left: 80px;\">Videos: Pr\u00fcfen\/ Pr\u00fcfungen, Beurteilen und Beurteilungsfehler <a href=\"https:\/\/www.youtube.com\/watch?v=bnYXX4PPrYA\" target=\"_blank\" rel=\"noopener noreferrer\">Teil 1, <\/a><a href=\"https:\/\/www.youtube.com\/watch?v=pzUhwhZceJk\" target=\"_blank\" rel=\"noopener noreferrer\">Teil 2<\/a>, <a href=\"https:\/\/www.youtube.com\/watch?v=KW5p0v4dh6M\" target=\"_blank\" rel=\"noopener noreferrer\">Teil 3<\/a><\/p>\r\n<p style=\"padding-left: 80px;\">Faszination-Lehre.de: <a href=\"https:\/\/www.faszination-lehre.de\/file\/data\/Handreichungen\/Leitfaeden\/05_kompetenzorientiertes_pr__fen_leitfaden.pdf\" target=\"_blank\" rel=\"noopener noreferrer\">Kompetenzorientiertes Pr\u00fcfen (berufliche Handlungskompetenz)<\/a><\/p>\r\n<p style=\"padding-left: 80px;\">Berufs- und Wirtschaftsp\u00e4dagogik online:<a href=\"http:\/\/www.bwpat.de\/ausgabe8\/metzger_bwpat8.shtml\" target=\"_blank\" rel=\"noopener noreferrer\"> Kompetenzorientiert pr\u00fcfen in der beruflichen Bildung. Pr\u00fcfen und Standards in der beruflichen Bildung<\/a><\/p>\r\n<p style=\"padding-left: 80px;\">Ausbildernetz.de: <a href=\"http:\/\/www.ausbildernetz.de\/plus\/waehrend\/vermittlung\/lernerfolg\/lernerfolg.rsys\" target=\"_blank\" rel=\"noopener noreferrer\">Sicherstellung des Lernerfolges , Reflexion der Unterrichtsphasen und Lernerfolgskontrolle durch Ausbilder<\/a><\/p>\r\n<p style=\"padding-left: 80px;\">Pr\u00fcf-mit.de: <a href=\"https:\/\/www.pruef-mit.de\/\" target=\"_blank\" rel=\"noopener noreferrer\">Pr\u00fcfen und Aufgabenstellen: Seminare (kostenlos), Pr\u00fcfungsaufgaben, Pr\u00fcfungsausschuss und Pr\u00fcfer werden<\/a><\/p>\r\n<p class=\"has-background has-medium-font-size has-pale-cyan-blue-background-color\" style=\"text-align: center;\"><span style=\"color: #ffffff;\">6. Beratung zu Berufsausbildung, Besch\u00e4ftigung und Karriere<\/span><\/p>\r\n<!-- \/wp:paragraph -->\r\n<p style=\"padding-left: 80px;\">Zdh.de: <a href=\"https:\/\/www.zdh.de\/fachbereiche\/bildung\/ausbildung\/\" target=\"_blank\" rel=\"noopener noreferrer\">Lehrstellenradar, Infos zu Ausbildungsqualit\u00e4t, Berufsorientierung und Bewerbersuche u.v.m.<\/a><\/p>\r\n<p style=\"padding-left: 80px;\">Bibb.de: <a href=\"https:\/\/www.bibb.de\/govet\/de\/54879.php\" target=\"_blank\" rel=\"noopener noreferrer\">Informationen zur Dualen Berufsausbildung, beteiligten Akteuren, rechtlichen Rahmen, Rechte und Pflichten, Vertr\u00e4gen, Kosten und Nutzen, Berufsbildungspersonal<\/a><\/p>\r\n<p style=\"padding-left: 80px;\">Bibb.de: <a href=\"https:\/\/www.bibb.de\/berufe\" target=\"_blank\" rel=\"noopener noreferrer\">Informationen zum Ausbildungsrahmenplan (alle Berufe)<\/a><\/p>\r\n<p class=\"has-background has-medium-font-size has-pale-cyan-blue-background-color\" style=\"text-align: center;\"><span style=\"color: #ffffff;\">7. Projektarbeit und Beteiligung an der Entwicklung von Berufsbildungsangeboten<\/span><\/p>\r\n<!-- \/wp:paragraph -->\r\n<p style=\"padding-left: 80px;\">Zdh.de: <a href=\"https:\/\/www.zdh.de\/fachbereiche\/bildung\/berufswettbewerbe\/\" target=\"_blank\" rel=\"noopener noreferrer\">Berufswettbewerbe<\/a><\/p>\r\n<p style=\"padding-left: 80px;\">Berufsbildung -ohne-Grenzen.de: <a href=\"https:\/\/www.berufsbildung-ohne-grenzen.de\/ausbilderlehrer\/infos-fuer-ausbilderlehrer\/\" target=\"_blank\" rel=\"noopener noreferrer\">Sich im Ausland beruflich weiterbilden und sich f\u00fcr die aktuellen Herausforderungen in der Aus- und Weiterbildung zu qualifizieren<\/a><\/p>\r\n<p style=\"padding-left: 80px;\">Publikationskatalog Bibb.de: <a href=\"https:\/\/lit.bibb.de\/vufind\/Record\/8610\/Description\" target=\"_blank\" rel=\"noopener noreferrer\">Qualit\u00e4ts- und Projektmanagement in der beruflichen Bildung: Einf\u00fchrung und Leitfaden f\u00fcr die Aus- und Fortbildung<\/a><\/p>\r\n<p class=\"has-background has-medium-font-size has-pale-cyan-blue-background-color\" style=\"text-align: center;\"><span style=\"color: #ffffff;\">8. Berufliche Weiterbildung<\/span><\/p>\r\n<!-- \/wp:paragraph -->\r\n<p style=\"padding-left: 80px;\">Ausbilderwelt.de: <a href=\"https:\/\/ausbilderwelt.de\/workshops\/\" target=\"_blank\" rel=\"noopener noreferrer\">Weiterbildungen f\u00fcr Ausbilder<\/a><\/p>\r\n<p style=\"padding-left: 80px;\">Open Educational Resources.de: <a href=\"https:\/\/open-educational-resources.de\/category\/webtalks\/\" target=\"_blank\" rel=\"noopener noreferrer\">Webtalks zu Open Educational Resources f\u00fcr die Weiterbildung in verschiedensten Bereichen<\/a><\/p>\r\n<p style=\"padding-left: 80px;\">Mitunsdigital.de: <a href=\"https:\/\/www.mitunsdigital.de\/schulungen\/terminuebersicht\/\" target=\"_blank\" rel=\"noopener noreferrer\">Weiterbildungen zur <\/a><a href=\"https:\/\/www.mitunsdigital.de\/schulungen\/terminuebersicht\/\">Technologisierung <\/a><\/p>\r\n<p style=\"padding-left: 80px;\">Ausbilderwelt.de: <a href=\"https:\/\/ausbilderwelt.de\/was-ist-neu-im-berufsbildungsgesetz\/\" target=\"_blank\" rel=\"noopener noreferrer\">Neuerungen in der Berufsbildung<\/a><\/p>\r\n<p class=\"has-background has-medium-font-size has-pale-cyan-blue-background-color\" style=\"text-align: center;\"><span style=\"color: #ffffff;\">9. Unterst\u00fctzung von Auszubildenden im Umgang mit Emotionen und Konflikten<\/span><\/p>\r\n<!-- \/wp:paragraph -->\r\n<p style=\"padding-left: 80px;\">Ausbildernetz.de: <a href=\"http:\/\/www.ausbildernetz.de\/plus\/waehrend\/jugendliche_beeintraechtigungen\/lernbezogen\/loesung3.rsys\" target=\"_blank\" rel=\"noopener noreferrer\">Probleme mit Auszubildenden und beeintr\u00e4chtigten Auszubildenden. Konfliktmanagement<\/a><\/p>\r\n<p style=\"padding-left: 80px;\">Ausbildernetz.de: Wie kann ich Konflikte l\u00f6sen? Anleitungen und L\u00f6sungsstrategien <a href=\"http:\/\/www.ausbildernetz.de\/plus\/waehrend\/gruppen\/loesungen\/loesungen.rsys\" target=\"_blank\" rel=\"noopener noreferrer\">http:\/\/www.ausbildernetz.de\/plus\/waehrend\/gruppen\/loesungen\/loesungen.rsys<\/a><\/p>\r\n<p style=\"padding-left: 80px;\">Video von R\u00fcdiger Strohmeyer: <a href=\"https:\/\/www.youtube.com\/watch?v=OKMD7lDPEKk\" target=\"_blank\" rel=\"noopener noreferrer\">Konfliktmanagement,Umgang mit Emotionen<\/a><\/p>\r\n<p class=\"has-background has-medium-font-size has-pale-cyan-blue-background-color\" style=\"text-align: center;\"><span style=\"color: #ffffff;\">10. Digitale Kompetenzen<\/span><\/p>\r\n<!-- \/wp:paragraph -->\r\n<p style=\"padding-left: 80px;\">Ausbildernetz.de: <a href=\"http:\/\/www.ausbildernetz.de\/plus\/waehrend\/ausbildung\/ausbildung\/beausbildung.rsys\" target=\"_blank\" rel=\"noopener noreferrer\">E-learning f\u00fcr die Ausbildung nutzen<\/a><\/p>\r\n<p style=\"padding-left: 80px;\">Mobile-Tech.eu: <a href=\"http:\/\/www.mobile-tech.eu\/trainer-kurs\/\" target=\"_blank\" rel=\"noopener noreferrer\">Training Trainer Kurs \u201c Kompetenzentwicklung von Lehrkr\u00e4ften der Aus-, Fort- und Weiterbildung zur p\u00e4dagogischen Nutzung von m-learning\u201c<\/a><\/p>\r\n<p style=\"padding-left: 80px;\">Opendigimedia.de: <a href=\"https:\/\/opendigimedia.de\/goto.php?target=cat_70\" target=\"_blank\" rel=\"noopener noreferrer\">Kurse, die Grundlagenwissen zu den technischen Neuerungen durch die Digitalisierung anbieten<\/a><\/p>\r\n<p style=\"padding-left: 80px;\">Bildungsserver.de: <a href=\"https:\/\/www.bildungsserver.de\/Online-Material.-Unterrichtsmaterial.-Online-Module.-Lernplattformen-fuer-den-Einsatz-digitaler-Medien-in-der-Berufsbildung-3252-de.html\" target=\"_blank\" rel=\"noopener noreferrer\">Lernplattformen f\u00fcr den Einsatz digitaler Medien in der Berufsbildung<\/a><\/p>\r\n<p style=\"padding-left: 80px;\">Mit-uns-digital.de: <a href=\"https:\/\/www.mitunsdigital.de\/schulungen\/terminuebersicht\/\" target=\"_blank\" rel=\"noopener noreferrer\">Termin\u00fcbersicht Schulungen und Veranstaltungen aus der Reihe \u201emit uns digital!\u201c<\/a><\/p>\r\n<p style=\"padding-left: 80px;\">Mit-uns-digital.de: <a href=\"https:\/\/www.mitunsdigital.de\/veranstaltungsreihe\/arbeit-organisation\/?evt_id=11692\" target=\"_blank\" rel=\"noopener noreferrer\">BSP: Anforderungen der Digitalisierung an Arbeit und Organisation<\/a><\/p>\r\n<p style=\"padding-left: 80px;\">Einrichtungen der nieders\u00e4chsischen Erwachsenen- und Weiterbildung in Kooperation mit OpenDigiMedia: <a href=\"https:\/\/opendigimedia.de\/goto.php?target=cat_645\" target=\"_blank\" rel=\"noopener noreferrer\">Pr\u00e4senz- und Blended-Learning-Schulungen zu Themen der Industrie 4.0<\/a><\/p>\r\n<p style=\"padding-left: 80px;\">Open-Educational-Resources.de: <a href=\"https:\/\/open-educational-resources.de\/industrie-40-erklaert-fuer-facharbeitende-interview-opendigimedia-lernplattform\/\" target=\"_blank\" rel=\"noopener noreferrer\">Digitale Transformation und ihre Auswirkungen auf kleine und mittlere Unternehmen in der Produktion. Fokus Industrie 4.0<\/a><\/p>\r\n<p class=\"has-background has-medium-font-size has-pale-cyan-blue-background-color\" style=\"text-align: center;\"><span style=\"color: #ffffff;\">11. Kooperation mit anderen Berufsschulen, Kammern und internationalen Partnern<\/span><\/p>\r\n<!-- \/wp:paragraph -->\r\n<p style=\"padding-left: 80px;\">Bibb.de: <a href=\"https:\/\/www.bibb.de\/dokumente\/pdf\/HA099.pdf\" target=\"_blank\" rel=\"noopener noreferrer\">Empfehlung des Hauptausschusses des Bundesinstituts f\u00fcr Berufsbildung zur Kooperation der Lernorte<\/a><\/p>\r\n<p style=\"padding-left: 80px;\">G\u00fcnter P\u00e4tzold: <a href=\"https:\/\/www.yumpu.com\/de\/document\/read\/5701523\/patzold-gunter-lernfelder-lernortkooperationen-pedocs\" target=\"_blank\" rel=\"noopener noreferrer\">Lernfelder \u2013 Lernortkooperation<\/a><\/p>\r\n<p style=\"padding-left: 80px;\">Berufsbildung-ohne-Grenzen.de: <a href=\"https:\/\/www.berufsbildung-ohne-grenzen.de\/\" target=\"_blank\" rel=\"noopener noreferrer\">Internationale Mobilit\u00e4t<\/a><\/p><!-- \/wp:freeform -->","protected":false},"excerpt":{"rendered":"<p>&nbsp; &nbsp; Hier finden Sie sowohl online frei verf\u00fcgbare Lernressourcen, als auch Empfehlungen f\u00fcr analoge Weiterbildungsangebote f\u00fcr jedes der 11 Kompetenzfelder. Diese Weiterbildungsangebote fungieren als Beispiele. Bitte informieren sie sich bei ihrem jeweilig zust\u00e4ndigem Landesinstitut. &nbsp; 1. Planung der beruflichen<\/p>\n","protected":false},"author":2,"featured_media":0,"parent":567,"menu_order":0,"comment_status":"closed","ping_status":"closed","template":"","meta":{"_locale":"de_DE","_original_post":"141","footnotes":""},"class_list":["post-657","page","type-page","status-publish","hentry","de-DE"],"_links":{"self":[{"href":"https:\/\/teachvet.eu\/wp-json\/wp\/v2\/pages\/657","targetHints":{"allow":["GET"]}}],"collection":[{"href":"https:\/\/teachvet.eu\/wp-json\/wp\/v2\/pages"}],"about":[{"href":"https:\/\/teachvet.eu\/wp-json\/wp\/v2\/types\/page"}],"author":[{"embeddable":true,"href":"https:\/\/teachvet.eu\/wp-json\/wp\/v2\/users\/2"}],"replies":[{"embeddable":true,"href":"https:\/\/teachvet.eu\/wp-json\/wp\/v2\/comments?post=657"}],"version-history":[{"count":6,"href":"https:\/\/teachvet.eu\/wp-json\/wp\/v2\/pages\/657\/revisions"}],"predecessor-version":[{"id":884,"href":"https:\/\/teachvet.eu\/wp-json\/wp\/v2\/pages\/657\/revisions\/884"}],"up":[{"embeddable":true,"href":"https:\/\/teachvet.eu\/wp-json\/wp\/v2\/pages\/567"}],"wp:attachment":[{"href":"https:\/\/teachvet.eu\/wp-json\/wp\/v2\/media?parent=657"}],"curies":[{"name":"wp","href":"https:\/\/api.w.org\/{rel}","templated":true}]}}