{"id":538,"date":"2020-05-16T19:49:59","date_gmt":"2020-05-16T19:49:59","guid":{"rendered":"https:\/\/teachvet.eu\/?page_id=538"},"modified":"2020-05-16T19:54:24","modified_gmt":"2020-05-16T19:54:24","slug":"sample-page","status":"publish","type":"page","link":"https:\/\/teachvet.eu\/de\/sample-page\/","title":{"rendered":"Impressum"},"content":{"rendered":"<p><strong>Nach \u00a7 5 des Gesetzes \u00fcber elektronische Medien<\/strong><\/p>\n<p style=\"padding-left: 40px;\">blinc e.G.<\/p>\n<p style=\"padding-left: 40px;\">Bertheaustr. 10<\/p>\n<p style=\"padding-left: 40px;\">37075 G\u00f6tingen<\/p>\n<p><strong>Kontakt<\/strong><\/p>\n<p>Dr. Tim Scholze<\/p>\n<p>Telefon: +49 (0) 172 740 83 22<\/p>\n<p>E-Mail: info@blinc-eu.org<\/p>\n<p>Umsatzsteuer-Identifikationsnummer gem\u00e4\u00df \u00a727 a Umsatzsteuergesetz:<\/p>\n<p>20\/206\/15937<\/p>\n<p><strong>Streitbeilegung<\/strong><\/p>\n<p>Wir sind nicht bereit oder verpflichtet, Streitigkeiten vor einem Verbraucherberatungsb\u00fcro beizulegen.<\/p>\n<p><strong>Haftung f\u00fcr den Inhalt<\/strong><\/p>\n<p>Als Diensteanbieter sind wir gem\u00e4\u00df \u00a7 7 Abs.1 TMG f\u00fcr eigene Inhalte auf diesen Seiten nach den allgemeinen Gesetzen verantwortlich. Nach \u00a7\u00a7 8 bis 10 TMG sind wir als Diensteanbieter jedoch nicht verpflichtet, \u00fcbermittelte oder gespeicherte fremde Informationen zu \u00fcberwachen oder nach Umst\u00e4nden zu forschen, die auf eine rechtswidrige T\u00e4tigkeit hinweisen.<\/p>\n<p><strong>Verpflichtungen zur Entfernung oder Sperrung der Nutzung von Informationen<\/strong><\/p>\n<p>Die allgemeinen Gesetze bleiben davon unber\u00fchrt. Eine diesbez\u00fcgliche Haftung ist jedoch erst ab dem Zeitpunkt der Kenntnis einer konkreten Rechtsverletzung m\u00f6glich. Bei bekannt werden von entsprechenden Rechtsverletzungen werden wir diese Inhalte umgehend entfernen.<\/p>\n<p><strong>Haftung f\u00fcr Links<\/strong><\/p>\n<p>Unser Angebot enth\u00e4lt Links zu externen Webseiten Dritter, auf deren Inhalte wir keinen Einfluss haben. Deshalb k\u00f6nnen wir f\u00fcr diese fremden Inhalte auch keine Gew\u00e4hr \u00fcbernehmen. F\u00fcr die Inhalte der verlinkten Seiten ist stets der jeweilige Anbieter oder Betreiber der Seiten verantwortlich. Die verlinkten Seiten wurden zum Zeitpunkt der Verlinkung auf m\u00f6gliche Rechtsverst\u00f6\u00dfe \u00fcberpr\u00fcft. Rechtswidrige Inhalte waren zum Zeitpunkt der Verlinkung nicht erkennbar.<\/p>\n<p>Eine permanente inhaltliche Kontrolle der verlinkten Seiten ist jedoch ohne konkrete Anhaltspunkte einer Rechtsverletzung nicht zumutbar.<\/p>\n<p>Bei bekannt werden von Rechtsverletzungen werden wir derartige Links jedoch umgehend entfernen.<\/p>\n<p><strong>Urheberrecht<\/strong><\/p>\n<p>Die durch die Seitenbetreiber erstellten Inhalte und Werke auf diesen Seiten unterliegen dem deutschen Urheberrecht. Die Vervielf\u00e4ltigung, Bearbeitung, Verbreitung und jede Art der Verwertung au\u00dferhalb der Grenzen des Urheberrechtes bed\u00fcrfen der schriftlichen Zustimmung des jeweiligen Autors bzw. Erstellers. Downloads und Kopien dieser Seite sind nur f\u00fcr den privaten, nicht kommerziellen Gebrauch gestattet.<\/p>\n<p>Soweit die Inhalte auf dieser Seite nicht vom Betreiber erstellt wurden, werden die Urheberrechte Dritter beachtet. Insbesondere werden Inhalte Dritter als solche gekennzeichnet. Sollten Sie trotzdem auf eine Urheberrechtsverletzung aufmerksam werden, bitten wir um einen entsprechenden Hinweis. Bei Bekanntwerden von Rechtsverletzungen werden wir derartige Inhalte umgehend entfernen.<\/p>\n<p>Quelle: e-recht24.de<\/p>\n","protected":false},"excerpt":{"rendered":"<p>Nach \u00a7 5 des Gesetzes \u00fcber elektronische Medien blinc e.G. Bertheaustr. 10 37075 G\u00f6tingen Kontakt Dr. Tim Scholze Telefon: +49 (0) 172 740 83 22 E-Mail: info@blinc-eu.org Umsatzsteuer-Identifikationsnummer gem\u00e4\u00df \u00a727 a Umsatzsteuergesetz: 20\/206\/15937 Streitbeilegung Wir sind nicht bereit oder verpflichtet,<\/p>\n","protected":false},"author":2,"featured_media":0,"parent":0,"menu_order":0,"comment_status":"closed","ping_status":"open","template":"","meta":{"_locale":"de_DE","_original_post":"2","footnotes":""},"class_list":["post-538","page","type-page","status-publish","hentry","de-DE"],"_links":{"self":[{"href":"https:\/\/teachvet.eu\/wp-json\/wp\/v2\/pages\/538","targetHints":{"allow":["GET"]}}],"collection":[{"href":"https:\/\/teachvet.eu\/wp-json\/wp\/v2\/pages"}],"about":[{"href":"https:\/\/teachvet.eu\/wp-json\/wp\/v2\/types\/page"}],"author":[{"embeddable":true,"href":"https:\/\/teachvet.eu\/wp-json\/wp\/v2\/users\/2"}],"replies":[{"embeddable":true,"href":"https:\/\/teachvet.eu\/wp-json\/wp\/v2\/comments?post=538"}],"version-history":[{"count":3,"href":"https:\/\/teachvet.eu\/wp-json\/wp\/v2\/pages\/538\/revisions"}],"predecessor-version":[{"id":553,"href":"https:\/\/teachvet.eu\/wp-json\/wp\/v2\/pages\/538\/revisions\/553"}],"wp:attachment":[{"href":"https:\/\/teachvet.eu\/wp-json\/wp\/v2\/media?parent=538"}],"curies":[{"name":"wp","href":"https:\/\/api.w.org\/{rel}","templated":true}]}}