{"id":531,"date":"2020-05-16T19:42:53","date_gmt":"2020-05-16T19:42:53","guid":{"rendered":"https:\/\/teachvet.eu\/?page_id=531"},"modified":"2020-05-16T19:42:53","modified_gmt":"2020-05-16T19:42:53","slug":"privacy-policy","status":"publish","type":"page","link":"https:\/\/teachvet.eu\/de\/privacy-policy\/","title":{"rendered":"Datenschutzerkl\u00e4rung"},"content":{"rendered":"<div class=\"entry-content\">\n<p><strong>Rechtliche Grundlage<\/strong><\/p>\n<p>Diese Datenschutzerkl\u00e4rung basiert auf den vom europ\u00e4ischen Gesetzgeber bei der Verabschiedung der Allgemeinen Datenschutzverordnung (GDPR) und der deutschen Datenschutzbestimmungen verwendeten Begriffen. Sie soll die Nutzer dieser Website nach Ma\u00dfgabe dieser Gesetze \u00fcber Art, Umfang und Zweck der Erhebung und Verwendung personenbezogener Daten durch den Website-Betreiber blinc eG informieren.<\/p>\n<p>&nbsp;<\/p>\n<p><strong>Erhebung und Verarbeitung personenbezogener Daten<\/strong><\/p>\n<p>Alle Ihre pers\u00f6nlichen Daten werden von uns nur dann erhoben, wenn Sie uns diese freiwillig zur Verf\u00fcgung stellen, z.B. zur Durchf\u00fchrung von Schulungen, zur Zusendung von Informationen, im Rahmen eines Vertrages, einer Bestellung oder im Rahmen einer Umfrage. Daten, die Sie uns \u00fcber eine unserer Websites \u00fcbermitteln, werden nur zum Zwecke der Vertrags- und Auftragsabwicklung und der Bearbeitung Ihrer Anfragen gespeichert, verarbeitet und genutzt. Dar\u00fcber hinaus werden Ihre Daten nur dann verarbeitet und genutzt, wenn Sie Ihre ausdr\u00fcckliche Einwilligung dazu erteilt haben.<\/p>\n<p>Eine Weitergabe Ihrer Daten an Dritte, die nicht direkt mit unserem Vertrag oder unserer Ausbildung zu tun haben, findet nicht statt. Diese Dritten sind in unseren Angeboten als Kooperationspartner aufgef\u00fchrt. Sie k\u00f6nnen Ihre Einwilligung jederzeit widerrufen. Der Widerruf gilt dann f\u00fcr die Zukunft.<\/p>\n<p>&nbsp;<\/p>\n<p><strong>Anonyme Protokollierung<\/strong><\/p>\n<p>Wir melden alle Anfragen auf unserer Website und insbesondere die dort heruntergeladenen Dateien in anonymer Form an:<\/p>\n<ul>\n<li>Besuchte URL<\/li>\n<li>Zeitpunkt des Zugriffs<\/li>\n<li>Menge der gesendeten Daten in Bytes<\/li>\n<li>Verweis, von welcher Seite Sie gekommen sind (Referrer)<\/li>\n<li>Verwendete Browser<\/li>\n<li>Verwendetes Betriebssystem<\/li>\n<li>Verwendete IP-Adresse<\/li>\n<\/ul>\n<p><strong>\u00a0<\/strong><\/p>\n<p><strong>Kommentare und Beitr\u00e4ge<\/strong><\/p>\n<p>Wenn Sie einen Beitrag oder Kommentar auf dieser Website hinterlassen, wird Ihre IP-Adresse und, falls vorhanden, das Benutzerkonto gespeichert. Dies dient unserer Sicherheit: Wenn Ihr Text gegen Gesetze verst\u00f6\u00dft, wird Ihre Identit\u00e4t zur\u00fcckverfolgt und Sie haften f\u00fcr den von Ihnen geschriebenen Inhalt.<\/p>\n<p>&nbsp;<\/p>\n<p><strong>Cookies<\/strong><\/p>\n<p>Einige unserer Websites verwenden sogenannte Cookies. Dies sind kleine Textdateien, die von Ihrem Browser auf Ihrem Ger\u00e4t gespeichert werden. Der Webserver kann Sie durch das Lesen dieser Textdateien erkennen und mit einer Anmeldung, einem Einkaufswagen oder einer anderen Webanwendung in Verbindung bringen. Dies ist absolut notwendig, damit die Registrierung (Login) \u00fcberhaupt funktioniert und erh\u00f6ht die Benutzerfreundlichkeit anderer Teile der Webseiten. Alle Browser bieten die Einstellung, keine Cookies zu akzeptieren. Es wird nicht garantiert, dass Sie auf alle Funktionen dieser Website ohne Einschr\u00e4nkungen zugreifen k\u00f6nnen, wenn Sie die Speicherung von Cookies deaktivieren.<\/p>\n<p>&nbsp;<\/p>\n<p><strong>Eingebettete Inhalte von externen Anbietern wie Youtube, Google Maps und Facebook<\/strong><\/p>\n<p>Einige unserer Websites verwenden eingebettete Inhalte von externen Anbietern. Wenn Sie ein Konto bei diesen Anbietern haben und dort eingeloggt sind, sind alle auf unseren Websites besuchten Seiten f\u00fcr diese Anbieter sichtbar. Wenn Sie dies vermeiden wollen, melden Sie sich vorher von Ihrem Konto ab, um diese Verfolgung zu verhindern. F\u00fcr die eingebetteten Inhalte gilt die Datenschutzerkl\u00e4rung des externen Anbieters.<\/p>\n<p><strong>\u00a0<\/strong><\/p>\n<p><strong>Ihre Rechte auf Information, Korrektur und L\u00f6schung<\/strong><\/p>\n<p>Als Nutzer k\u00f6nnen Sie auf Wunsch kostenlos Auskunft \u00fcber die \u00fcber Sie gespeicherten personenbezogenen Daten erhalten. Sofern Ihrer Anfrage eine gesetzliche Aufbewahrungspflicht nicht entgegensteht, haben Sie das Recht, falsche Daten korrigieren zu lassen und Ihre Daten zu sperren oder zu l\u00f6schen.<\/p>\n<p>&nbsp;<\/p>\n<p><strong>\u00c4nderung unserer Datenschutzerkl\u00e4rung<\/strong><\/p>\n<p>Wir behalten uns das Recht vor, diese Datenschutzrichtlinie zu \u00e4ndern, um allen gesetzlichen Anforderungen zu entsprechen. Es gilt die aktuelle Datenschutzrichtlinie.<\/p>\n<p>&nbsp;<\/p>\n<p><strong>Kontakt und Aufsichtsbeh\u00f6rde<\/strong><\/p>\n<p>Die Aufsicht wird von der Landesbeauftragte f\u00fcr Datenschutz in Niedersachsen wahrgenommen, https:\/\/www.lfd.niedersachsen.de<\/p>\n<\/div>\n","protected":false},"excerpt":{"rendered":"<p>Rechtliche Grundlage Diese Datenschutzerkl\u00e4rung basiert auf den vom europ\u00e4ischen Gesetzgeber bei der Verabschiedung der Allgemeinen Datenschutzverordnung (GDPR) und der deutschen Datenschutzbestimmungen verwendeten Begriffen. Sie soll die Nutzer dieser Website nach Ma\u00dfgabe dieser Gesetze \u00fcber Art, Umfang und Zweck der Erhebung<\/p>\n","protected":false},"author":2,"featured_media":0,"parent":0,"menu_order":0,"comment_status":"closed","ping_status":"open","template":"","meta":{"_locale":"de_DE","_original_post":"3","footnotes":""},"class_list":["post-531","page","type-page","status-publish","hentry","de-DE"],"_links":{"self":[{"href":"https:\/\/teachvet.eu\/wp-json\/wp\/v2\/pages\/531","targetHints":{"allow":["GET"]}}],"collection":[{"href":"https:\/\/teachvet.eu\/wp-json\/wp\/v2\/pages"}],"about":[{"href":"https:\/\/teachvet.eu\/wp-json\/wp\/v2\/types\/page"}],"author":[{"embeddable":true,"href":"https:\/\/teachvet.eu\/wp-json\/wp\/v2\/users\/2"}],"replies":[{"embeddable":true,"href":"https:\/\/teachvet.eu\/wp-json\/wp\/v2\/comments?post=531"}],"version-history":[{"count":1,"href":"https:\/\/teachvet.eu\/wp-json\/wp\/v2\/pages\/531\/revisions"}],"predecessor-version":[{"id":537,"href":"https:\/\/teachvet.eu\/wp-json\/wp\/v2\/pages\/531\/revisions\/537"}],"wp:attachment":[{"href":"https:\/\/teachvet.eu\/wp-json\/wp\/v2\/media?parent=531"}],"curies":[{"name":"wp","href":"https:\/\/api.w.org\/{rel}","templated":true}]}}