{"id":508,"date":"2020-05-16T19:25:04","date_gmt":"2020-05-16T19:25:04","guid":{"rendered":"https:\/\/teachvet.eu\/?page_id=508"},"modified":"2020-05-16T19:26:03","modified_gmt":"2020-05-16T19:26:03","slug":"contact","status":"publish","type":"page","link":"https:\/\/teachvet.eu\/de\/contact\/","title":{"rendered":"Partner"},"content":{"rendered":"<table>\n<tbody>\n<tr>\n<td width=\"234\"><img loading=\"lazy\" decoding=\"async\" class=\"alignnone wp-image-311\" src=\"https:\/\/teachvet.eu\/wp-content\/uploads\/2020\/01\/V\u0161\u012e-Elektr\u0117n\u0173-profesinio-mokymo-centras.jpg\" alt=\"\" width=\"164\" height=\"164\" srcset=\"https:\/\/teachvet.eu\/wp-content\/uploads\/2020\/01\/V\u0161\u012e-Elektr\u0117n\u0173-profesinio-mokymo-centras.jpg 225w, https:\/\/teachvet.eu\/wp-content\/uploads\/2020\/01\/V\u0161\u012e-Elektr\u0117n\u0173-profesinio-mokymo-centras-150x150.jpg 150w\" sizes=\"auto, (max-width: 164px) 100vw, 164px\" \/><\/td>\n<td width=\"380\">&nbsp;<\/p>\n<p>Die <strong><a href=\"http:\/\/www.epmc.lt\/erasmus\/platform-self-assessment-development-teaching-competence-vet-teachers-trainers-2\/\">EPMC &#8211; V\u0161\u012e Elektr\u0117n\u0173 profesinio mokymo centras<\/a><\/strong> (ein \u00f6ffentliches Berufsbildungszentrum) in Litauen koordiniert das Projekt.<\/td>\n<\/tr>\n<tr>\n<td width=\"234\"><img loading=\"lazy\" decoding=\"async\" class=\"alignnone wp-image-312\" src=\"https:\/\/teachvet.eu\/wp-content\/uploads\/2020\/01\/Vytautas_Magnus_University_seal.svg_.png\" alt=\"\" width=\"150\" height=\"150\" srcset=\"https:\/\/teachvet.eu\/wp-content\/uploads\/2020\/01\/Vytautas_Magnus_University_seal.svg_.png 1200w, https:\/\/teachvet.eu\/wp-content\/uploads\/2020\/01\/Vytautas_Magnus_University_seal.svg_-150x150.png 150w, https:\/\/teachvet.eu\/wp-content\/uploads\/2020\/01\/Vytautas_Magnus_University_seal.svg_-300x300.png 300w, https:\/\/teachvet.eu\/wp-content\/uploads\/2020\/01\/Vytautas_Magnus_University_seal.svg_-768x768.png 768w, https:\/\/teachvet.eu\/wp-content\/uploads\/2020\/01\/Vytautas_Magnus_University_seal.svg_-1024x1024.png 1024w, https:\/\/teachvet.eu\/wp-content\/uploads\/2020\/01\/Vytautas_Magnus_University_seal.svg_-270x270.png 270w, https:\/\/teachvet.eu\/wp-content\/uploads\/2020\/01\/Vytautas_Magnus_University_seal.svg_-230x230.png 230w\" sizes=\"auto, (max-width: 150px) 100vw, 150px\" \/><\/td>\n<td width=\"380\">&nbsp;<\/p>\n<p><a href=\"https:\/\/www.vdu.lt\/en\/\"><strong>Vytautas Magnus Universit\u00e4t<\/strong><\/a> aus Litauen ist f\u00fchrender Partner bei der Durchf\u00fchrung der vergleichenden Studie \u00fcber Kompetenzprofile von BerufsschullehrerInnen und AusbilderInnen in den Partnerl\u00e4ndern (Litauen, Deutschland und Italien).<\/td>\n<\/tr>\n<tr>\n<td width=\"234\"><img loading=\"lazy\" decoding=\"async\" class=\"alignnone wp-image-313\" src=\"https:\/\/teachvet.eu\/wp-content\/uploads\/2020\/01\/Univr_nuovo_sigillo.jpg\" alt=\"\" width=\"150\" height=\"150\" srcset=\"https:\/\/teachvet.eu\/wp-content\/uploads\/2020\/01\/Univr_nuovo_sigillo.jpg 832w, https:\/\/teachvet.eu\/wp-content\/uploads\/2020\/01\/Univr_nuovo_sigillo-150x150.jpg 150w, https:\/\/teachvet.eu\/wp-content\/uploads\/2020\/01\/Univr_nuovo_sigillo-300x300.jpg 300w, https:\/\/teachvet.eu\/wp-content\/uploads\/2020\/01\/Univr_nuovo_sigillo-768x768.jpg 768w, https:\/\/teachvet.eu\/wp-content\/uploads\/2020\/01\/Univr_nuovo_sigillo-270x270.jpg 270w, https:\/\/teachvet.eu\/wp-content\/uploads\/2020\/01\/Univr_nuovo_sigillo-230x230.jpg 230w\" sizes=\"auto, (max-width: 150px) 100vw, 150px\" \/><\/td>\n<td width=\"380\">&nbsp;<\/p>\n<p>Das <strong><a href=\"http:\/\/www.carvet.org\/\">Zentrum f\u00fcr Aktionsforschung in der Berufsbildung CARVET<\/a><\/strong> an der Universit\u00e4t Verona tr\u00e4gt zur Untersuchung der Lehrkompetenzprofile der BerufsausbilderInnen in Italien bei und wird die Vytautas-Magnus-Universit\u00e4t bei der Durchf\u00fchrung der vergleichenden Studie unterst\u00fctzen.<\/td>\n<\/tr>\n<tr>\n<td width=\"234\"><img loading=\"lazy\" decoding=\"async\" class=\"wp-image-355 alignnone\" src=\"https:\/\/teachvet.eu\/wp-content\/uploads\/2020\/01\/ITB_Logo_dt_farbe.jpg\" alt=\"\" width=\"202\" height=\"70\" srcset=\"https:\/\/teachvet.eu\/wp-content\/uploads\/2020\/01\/ITB_Logo_dt_farbe.jpg 590w, https:\/\/teachvet.eu\/wp-content\/uploads\/2020\/01\/ITB_Logo_dt_farbe-300x104.jpg 300w\" sizes=\"auto, (max-width: 202px) 100vw, 202px\" \/><\/td>\n<td width=\"380\">Das <strong><a href=\"https:\/\/www.itb.uni-bremen.de\/ccm\/projects\/projekte\/teach-vet.de?lang=de\">ITB an der Universit\u00e4t Bremen<\/a><\/strong> aus Deutschland ist verantwortlich f\u00fcr die Durchf\u00fchrung der Studie \u00fcber die Lehrkompetenzprofile der Lehrkr\u00e4fte in der beruflichen Bildung in Deutschland und wird die Vytautas-Magnus-Universit\u00e4t bei der Durchf\u00fchrung der vergleichenden Studie unterst\u00fctzen.<\/p>\n<p>&nbsp;<\/td>\n<\/tr>\n<tr>\n<td width=\"234\"><img loading=\"lazy\" decoding=\"async\" class=\"wp-image-315 alignnone\" src=\"https:\/\/teachvet.eu\/wp-content\/uploads\/2020\/01\/CNOS-FAP.jpeg\" alt=\"\" width=\"159\" height=\"159\" srcset=\"https:\/\/teachvet.eu\/wp-content\/uploads\/2020\/01\/CNOS-FAP.jpeg 384w, https:\/\/teachvet.eu\/wp-content\/uploads\/2020\/01\/CNOS-FAP-150x150.jpeg 150w, https:\/\/teachvet.eu\/wp-content\/uploads\/2020\/01\/CNOS-FAP-300x300.jpeg 300w, https:\/\/teachvet.eu\/wp-content\/uploads\/2020\/01\/CNOS-FAP-270x270.jpeg 270w, https:\/\/teachvet.eu\/wp-content\/uploads\/2020\/01\/CNOS-FAP-230x230.jpeg 230w\" sizes=\"auto, (max-width: 159px) 100vw, 159px\" \/><\/td>\n<td width=\"380\">&nbsp;<\/p>\n<p>Der Verband der Berufsbildungszentren &#8222;<strong><a href=\"http:\/\/www.cnos-fap.it\/en\/en-home-page\">Centro Nazionale Opere Salesiane &#8211; Formazione e Aggiornamento Professionale&#8220; CNOS-FAP<\/a><\/strong> aus Italien ist f\u00fcr die Koordination der Erprobung und Nutzung verantwortlich.<\/p>\n<p>&nbsp;<\/td>\n<\/tr>\n<tr>\n<td width=\"234\"><img loading=\"lazy\" decoding=\"async\" class=\"wp-image-316 alignnone\" src=\"https:\/\/teachvet.eu\/wp-content\/uploads\/2020\/01\/Blinc-eG.gif\" alt=\"\" width=\"189\" height=\"113\" \/><\/td>\n<td width=\"380\">Die <strong><a href=\"https:\/\/blinc-eu.org\/\">Blended-Learning-Institutions Kooperative blinc eG<\/a><\/strong> aus Deutschland ist der f\u00fchrende Partner bei der Gestaltung des Online-Tools zur Selbsteinsch\u00e4tzung und Entwicklung der Lehrkompetenz der Lehrer und Ausbilder in der Berufsbildung. Sie stellt das technische Design dieses Instruments bereit und wird auch zur Entwicklung der Inhalte beitragen.<\/td>\n<\/tr>\n<\/tbody>\n<\/table>\n","protected":false},"excerpt":{"rendered":"<p>&nbsp; Die EPMC &#8211; V\u0161\u012e Elektr\u0117n\u0173 profesinio mokymo centras (ein \u00f6ffentliches Berufsbildungszentrum) in Litauen koordiniert das Projekt. &nbsp; Vytautas Magnus Universit\u00e4t aus Litauen ist f\u00fchrender Partner bei der Durchf\u00fchrung der vergleichenden Studie \u00fcber Kompetenzprofile von BerufsschullehrerInnen und AusbilderInnen in den<\/p>\n","protected":false},"author":2,"featured_media":0,"parent":0,"menu_order":0,"comment_status":"closed","ping_status":"closed","template":"page-templates\/page-builder.php","meta":{"_locale":"de_DE","_original_post":"28","footnotes":""},"class_list":["post-508","page","type-page","status-publish","hentry","de-DE"],"_links":{"self":[{"href":"https:\/\/teachvet.eu\/wp-json\/wp\/v2\/pages\/508","targetHints":{"allow":["GET"]}}],"collection":[{"href":"https:\/\/teachvet.eu\/wp-json\/wp\/v2\/pages"}],"about":[{"href":"https:\/\/teachvet.eu\/wp-json\/wp\/v2\/types\/page"}],"author":[{"embeddable":true,"href":"https:\/\/teachvet.eu\/wp-json\/wp\/v2\/users\/2"}],"replies":[{"embeddable":true,"href":"https:\/\/teachvet.eu\/wp-json\/wp\/v2\/comments?post=508"}],"version-history":[{"count":5,"href":"https:\/\/teachvet.eu\/wp-json\/wp\/v2\/pages\/508\/revisions"}],"predecessor-version":[{"id":520,"href":"https:\/\/teachvet.eu\/wp-json\/wp\/v2\/pages\/508\/revisions\/520"}],"wp:attachment":[{"href":"https:\/\/teachvet.eu\/wp-json\/wp\/v2\/media?parent=508"}],"curies":[{"name":"wp","href":"https:\/\/api.w.org\/{rel}","templated":true}]}}