{"id":464,"date":"2020-04-01T19:41:23","date_gmt":"2020-04-01T19:41:23","guid":{"rendered":"https:\/\/teachvet.eu\/?page_id=464"},"modified":"2020-09-14T14:36:19","modified_gmt":"2020-09-14T14:36:19","slug":"comparative-study","status":"publish","type":"page","link":"https:\/\/teachvet.eu\/de\/comparative-study\/","title":{"rendered":"Vergleichende Studie"},"content":{"rendered":"<p><\/p>\r\n<p>&nbsp;<\/p>\r\n<p><img loading=\"lazy\" decoding=\"async\" class=\"wp-image-422 alignleft\" src=\"https:\/\/teachvet.eu\/wp-content\/uploads\/2020\/01\/Study-300x200.jpg\" alt=\"\" width=\"329\" height=\"219\" srcset=\"https:\/\/teachvet.eu\/wp-content\/uploads\/2020\/01\/Study-300x200.jpg 300w, https:\/\/teachvet.eu\/wp-content\/uploads\/2020\/01\/Study.jpg 750w\" sizes=\"auto, (max-width: 329px) 100vw, 329px\" \/><\/p>\r\n<p>\r\n\r\n<\/p>\r\n<h5>PROFILE UND KOMPETENZEN VON LEHRERN UND AUSBILDERN DER BERUFLICHEN BERUFLICHEN BILDUNG &#8211; Vergleichender Bericht \u00fcber die Entwicklung der Lehrkompetenzen von LehrerInnen und AusbilderInnen der beruflichen Bildung in Deutschland, Litauen und Italien<\/h5>\r\n<p><strong>AutorInnen:<\/strong> Iris Klein und das TEACH-VET Team<\/p>\r\n<p>Der Bericht ist eine Gemeinschaftsarbeit, der Teile der von den Projektpartnern ausgearbeiteten nationalen Berichte verwendet:<\/p>\r\n<p>Iris Klein, Andreas Saniter (ITB, Universit\u00e4t Bremen, Deutschland), Julia Busche (blinc eG, Deutschland), Vidmantas T\u016btlys, Gedvilien\u0117 Genut\u0117, Au\u0161ra Rutkien\u0117 (Vytautas-Magnus-Universit\u00e4t, Litauen), Marco Perini, Giuseppe Tacconi, Riccardo Sartori, Andrea Ceschi (Universit\u00e4t Verona, Italien)<\/p>\r\n<p><strong>Zusammenfassung<\/strong><\/p>\r\n<p>Die aktuellen Ver\u00e4nderungen in der Berufsbildung, wie z.B. die Reaktion auf die technologische und organisatorische Entwicklung (das Aufkommen der 4. industriellen Revolution), die Internationalisierung, die Integration der Berufsbildung in die Prozesse des lebenslangen Lernens, schaffen die Notwendigkeit einer besseren Entwicklung der Lehrkompetenz von BerufsbildungslehrerInnen.<\/p>\r\n<p>In den EU-L\u00e4ndern gibt es unterschiedliche Praktiken und Erfahrungen bei der Ausbildung von BerufsbildungslehrerInnen, was den Raum f\u00fcr effektives politisches Lernen in diesem Bereich schafft. Die Vergleichbarkeit der Lehrkompetenz der Lehrkr\u00e4fte in der beruflichen Bildung ist wichtig im Hinblick auf die Internationalisierung der beruflichen Erstausbildung und die internationale Mobilit\u00e4t von Studierenden und Lehrkr\u00e4ften in der beruflichen Bildung bei der Umsetzung von ECTS-Ma\u00dfnahmen in der Lehrerausbildung. Es fehlt jedoch nach wie vor an modernen praktischen Instrumenten zur \u00dcberwachung, Bewertung, Anleitung und Vergleichbarkeit der Lehrkompetenz von Lehrkr\u00e4ften und Ausbildern in der Berufsbildung.<\/p>\r\n<p>Ziel dieser vergleichenden Studie ist es, die gemeinsamen und divergierenden Trends in der Entwicklung der Lehrkompetenzen von Lehrkr\u00e4ften und AusbilderInnen in der Berufsbildung in Deutschland, Italien und Litauen aufzuzeigen. Angesichts der Komplexit\u00e4t dieser Aufgabe und ihrer Relevanz f\u00fcr die Berufsbildungssysteme in vielen L\u00e4ndern sowie der Vielfalt der Politiken, Ans\u00e4tze und Praktiken der Entwicklung und Bewertung der Lehrkompetenz von Berufsbildungslehrern in den EU-L\u00e4ndern erfordert dieses Unterfangen eine starke internationale Partnerschaft.<\/p>\r\n<p>Dieser Forschungsbericht zeigt die Ergebnisse einer vergleichenden Analyse in ausgew\u00e4hlten EU-L\u00e4ndern (Deutschland, Litauen, Italien) auf, die die wichtigsten Gemeinsamkeiten und Unterschiede in Bezug auf die Ausbildung (und damit die Kompetenzentwicklung) von Lehrkr\u00e4ften und Ausbildern in der Berufsbildung darstellt und beschreibt, welche rechtlichen Rahmenbedingungen, \u00f6ffentlichen Einrichtungen und anderen Interessengruppen in den oben genannten L\u00e4ndern eine f\u00fchrende Rolle in diesem Verfahren spielen.<\/p>\r\n<p><a href=\"https:\/\/media.suub.uni-bremen.de\/bitstream\/elib\/4410\/4\/FB_69.pdf\" target=\"_blank\" rel=\"noopener noreferrer\"><strong>Zum Bericht<\/strong><\/a><\/p>","protected":false},"excerpt":{"rendered":"<p>&nbsp; PROFILE UND KOMPETENZEN VON LEHRERN UND AUSBILDERN DER BERUFLICHEN BERUFLICHEN BILDUNG &#8211; Vergleichender Bericht \u00fcber die Entwicklung der Lehrkompetenzen von LehrerInnen und AusbilderInnen der beruflichen Bildung in Deutschland, Litauen und Italien AutorInnen: Iris Klein und das TEACH-VET Team Der<\/p>\n","protected":false},"author":2,"featured_media":0,"parent":0,"menu_order":0,"comment_status":"closed","ping_status":"closed","template":"page-templates\/page-builder.php","meta":{"_locale":"de_DE","_original_post":"103","footnotes":""},"class_list":["post-464","page","type-page","status-publish","hentry","de-DE"],"_links":{"self":[{"href":"https:\/\/teachvet.eu\/wp-json\/wp\/v2\/pages\/464","targetHints":{"allow":["GET"]}}],"collection":[{"href":"https:\/\/teachvet.eu\/wp-json\/wp\/v2\/pages"}],"about":[{"href":"https:\/\/teachvet.eu\/wp-json\/wp\/v2\/types\/page"}],"author":[{"embeddable":true,"href":"https:\/\/teachvet.eu\/wp-json\/wp\/v2\/users\/2"}],"replies":[{"embeddable":true,"href":"https:\/\/teachvet.eu\/wp-json\/wp\/v2\/comments?post=464"}],"version-history":[{"count":13,"href":"https:\/\/teachvet.eu\/wp-json\/wp\/v2\/pages\/464\/revisions"}],"predecessor-version":[{"id":879,"href":"https:\/\/teachvet.eu\/wp-json\/wp\/v2\/pages\/464\/revisions\/879"}],"wp:attachment":[{"href":"https:\/\/teachvet.eu\/wp-json\/wp\/v2\/media?parent=464"}],"curies":[{"name":"wp","href":"https:\/\/api.w.org\/{rel}","templated":true}]}}