{"id":456,"date":"2020-04-01T18:45:53","date_gmt":"2020-04-01T18:45:53","guid":{"rendered":"https:\/\/teachvet.eu\/?page_id=456"},"modified":"2020-04-01T18:46:10","modified_gmt":"2020-04-01T18:46:10","slug":"about-2","status":"publish","type":"page","link":"https:\/\/teachvet.eu\/de\/about-2\/","title":{"rendered":"\u00dcber Teach-VET"},"content":{"rendered":"\r\n<p><img loading=\"lazy\" decoding=\"async\" class=\"size-full wp-image-150 alignright\" src=\"https:\/\/teachvet.eu\/wp-content\/uploads\/2019\/09\/partnership-1.jpg\" alt=\"\" width=\"448\" height=\"336\" srcset=\"https:\/\/teachvet.eu\/wp-content\/uploads\/2019\/09\/partnership-1.jpg 448w, https:\/\/teachvet.eu\/wp-content\/uploads\/2019\/09\/partnership-1-300x225.jpg 300w\" sizes=\"auto, (max-width: 448px) 100vw, 448px\" \/><\/p>\r\n<p>Teach-VET steht f\u00fcr &#8222;Plattform zur Selbsteinsch\u00e4tzung und Entwicklung der Lehrkompetenz von Lehrern und Ausbildern in der Berufsbildung.&#8220;<\/p>\r\n<p>Das Projekt wird im Rahmen einer strategischen Partnerschaft im Erasmus+ Programm mit Partnern aus Litauen, Italien und Deutschland durchgef\u00fchrt. Teach-VET l\u00e4uft von Nov. 2018 &#8211; M\u00e4rz 2021.<\/p>\r\n<p>Ziel von Teach-VET ist es, ein elektronisches Instrument zur Selbstbewertung und Fortbildung von Lehrkr\u00e4ften und Ausbildern in der beruflichen Bildung zu entwickeln.<\/p>\r\n<p>Die Methodik des Tools basiert auf der Analyse der Lehrprozesse und Handlungsfelder von Berufsschullehrern und praktischen Ausbildern in Unternehmen in den Partnerl\u00e4ndern Litauen, Italien und Deutschland.<\/p>\r\n<p>Auf Grundlage einer vergleichenden Analyse zu Beginn des Projektes wurden die Inhalte der Selbstbewertungsfrageb\u00f6gen ermittelt. Dar\u00fcber hinaus werden f\u00fcr jedes Kompetenzfeld Ressourcen f\u00fcr das weitere Lernen vorgeschlagen.<\/p>\r\n<p>Der Einsatz und die Nutzung des Teach-VET-Online-Tools zur Bewertung der Lehrkompetenz der Lehrer und Ausbilder in der beruflichen Bildung zielt darauf ab, die Effektivit\u00e4t und Qualit\u00e4t der beruflichen Bildung zu verbessern und die Kompetenzentwicklung von Lehrern und Ausbildern in diesem Bereich zu unterst\u00fctzen.<\/p>\r\n<p><strong>Die intellektuellen Outputs<\/strong><\/p>\r\n<p>IO1: Vergleichende Studie der p\u00e4dagogischen Kompetenzprofile von Lehrerinnen und Lehrern in der beruflichen Bildung in den Partnerl\u00e4ndern Litauen, Deutschland und Italien in den Bereichen: 1) Gestaltung von Lehrpl\u00e4nen f\u00fcr die berufliche Bildung, 2) Organisation des Lehr- und Ausbildungsprozesses, 3) Didaktik der beruflichen Bildung und 4) formative Bewertung des Lernens. Die Studie gibt einen \u00dcberblick \u00fcber die nationalen Profile der Lehrkompetenz von Lehrern und Ausbildern in der beruflichen Bildung in den einzelnen Partnerl\u00e4ndern.<\/p>\r\n<p>IO2: Elektronisches Online-Tool zur Selbstbewertung und Entwicklung der Lehrkompetenz von Berufsbildungslehrern und Ausbildern auf Grundlage der entwickelten Kompetenzprofile.<\/p>","protected":false},"excerpt":{"rendered":"<p>Teach-VET steht f\u00fcr &#8222;Plattform zur Selbsteinsch\u00e4tzung und Entwicklung der Lehrkompetenz von Lehrern und Ausbildern in der Berufsbildung.&#8220; Das Projekt wird im Rahmen einer strategischen Partnerschaft im Erasmus+ Programm mit Partnern aus Litauen, Italien und Deutschland durchgef\u00fchrt. Teach-VET l\u00e4uft von Nov.<\/p>\n","protected":false},"author":2,"featured_media":0,"parent":0,"menu_order":0,"comment_status":"closed","ping_status":"closed","template":"","meta":{"_locale":"de_DE","_original_post":"26","footnotes":""},"class_list":["post-456","page","type-page","status-publish","hentry","de-DE"],"_links":{"self":[{"href":"https:\/\/teachvet.eu\/wp-json\/wp\/v2\/pages\/456","targetHints":{"allow":["GET"]}}],"collection":[{"href":"https:\/\/teachvet.eu\/wp-json\/wp\/v2\/pages"}],"about":[{"href":"https:\/\/teachvet.eu\/wp-json\/wp\/v2\/types\/page"}],"author":[{"embeddable":true,"href":"https:\/\/teachvet.eu\/wp-json\/wp\/v2\/users\/2"}],"replies":[{"embeddable":true,"href":"https:\/\/teachvet.eu\/wp-json\/wp\/v2\/comments?post=456"}],"version-history":[{"count":2,"href":"https:\/\/teachvet.eu\/wp-json\/wp\/v2\/pages\/456\/revisions"}],"predecessor-version":[{"id":458,"href":"https:\/\/teachvet.eu\/wp-json\/wp\/v2\/pages\/456\/revisions\/458"}],"wp:attachment":[{"href":"https:\/\/teachvet.eu\/wp-json\/wp\/v2\/media?parent=456"}],"curies":[{"name":"wp","href":"https:\/\/api.w.org\/{rel}","templated":true}]}}